{"id":23440,"date":"2025-08-01T17:27:37","date_gmt":"2025-08-01T15:27:37","guid":{"rendered":"https:\/\/uj.adatbank.ro\/lexikon\/termek\/torok-denes\/"},"modified":"2025-08-01T17:27:37","modified_gmt":"2025-08-01T15:27:37","slug":"torok-denes","status":"publish","type":"product","link":"https:\/\/uj.adatbank.ro\/lexikon\/termek\/torok-denes\/","title":{"rendered":"T\u00d6R\u00d6K D\u00e9nes"},"content":{"rendered":"<p>Sz\u00e9kelyudvarhely, 1905. j\u00fan. 11., \u2020 Mv., 1975. \u00e1pr. 6.: k\u00f6nyvt\u00e1ros, dokumentalista. \u2013 Kadicsfalvi dr. T\u00f6r\u00f6k P\u00e1l \u00fcgyv\u00e9d (Cs\u00edksomly\u00f3, 1875 \u2013 Bp., 1950.) \u00e9s bikfalvi M\u00e1th\u00e9 M\u00e1ria Katalin Izaura (Iz\u00f3ra) (1873\u20131962). Feles\u00e9ge: Vita Matild Vilma. Fiaik: G\u00e1sp\u00e1r (1934 \u2013), m\u00e9rn\u00f6k, fot\u00f3m\u0171v\u00e9sz; P\u00e1l (1937 \u2013 2015). \u2013 V\u00edzakn\u00e1n volt elemista, Szebenben sz\u00e1szgimn.-ban (1915), m. gimn.-ban (1916\u201317) tanult egy\u00fctt Borsos Mikl\u00f3s leend\u0151 szobr\u00e1szm\u0171v\u00e9sszel, Sz\u00e9kelyudvarhelyen (1918) Bolyai G\u00e1sp\u00e1r iskolat\u00e1rsa, folytatta Gyulafeh\u00e9rv\u00e1ron (1920), majd Mv.-en a R. K. fi\u00fagimn.-ban (1922\u201324) \u00e9s a V\u00e1rosi zeneiskol\u00e1ban. Hajak prof. heged\u0171oszt.-ban tanult \u00e9s Metz Albertn\u00e9l lakott. P\u00e1rizsban folytatta tanulm\u00e1nyait a k\u00fclf\u00f6ldi di\u00e1kok kereskedelmi akad.-j\u00e1n (1926), majd a politikai tud.-ok szabadiskol\u00e1j\u00e1ban (1927\u201329). \u00d6nk\u00e9ntes katona Nagyszebenben (1930\u201331. Brass\u00f3ban \u00e9s \u00c9lesden a Ciment Titan k\u0151b\u00e1nya igazgat\u00f3ja (1932\u201343). Bp.-en v\u00e9szelte \u00e1t a h\u00e1bor\u00fat (1944\u201345). Kv., Nagyenyed, Brass\u00f3 (1945\u201351), Borsz\u00e9k (1951\u201358) az alkalmi \u00e1ll\u00e1sok ideje. A mv.-i \u00c9p\u00edt\u00e9szeti Tervez\u0151 Int\u00e9zet k\u00f6nyvt\u00e1rosa nyugd\u00edjaz\u00e1s\u00e1ig (1958\u201365). <br \/><strong>\u2013 Irod.:<\/strong> csal\u00e1di inf.; Kedves Zsigmond: Vita S\u00e1ndor levelei Vita Zsigmondhoz \/ Sajt\u00f3 al\u00e1 rendezte Gy\u00f6rfi D\u00e9nes (Mv., 2009).<\/br><\/p>\n","protected":false},"excerpt":{"rendered":"<p>Sz\u00e9kelyudvarhely, 1905. j\u00fan. 11., \u2020 Mv., 1975. \u00e1pr. 6.: k\u00f6nyvt\u00e1ros, dokumentalista. \u2013 Kadicsfalvi dr. T\u00f6r\u00f6k P\u00e1l \u00fcgyv\u00e9d (Cs\u00edksomly\u00f3, 1875 \u2013 Bp., 1950.) \u00e9s bikfalvi M\u00e1th\u00e9 M\u00e1ria Katalin Izaura (Iz\u00f3ra) (1873\u20131962). Feles\u00e9ge: Vita Matild Vilma. Fiaik: G\u00e1sp\u00e1r (1934 \u2013), m\u00e9rn\u00f6k, fot\u00f3m\u0171v\u00e9sz; P\u00e1l (1937 \u2013 2015). \u2013 V\u00edzakn\u00e1n volt elemista, Szebenben sz\u00e1szgimn.-ban (1915), m. gimn.-ban (1916\u201317) tanult [&hellip;]<\/p>\n","protected":false},"featured_media":0,"comment_status":"open","ping_status":"closed","template":"","meta":[],"product_brand":[],"product_cat":[137],"product_tag":[],"class_list":{"0":"post-23440","1":"product","2":"type-product","3":"status-publish","5":"product_cat-maros-megyei-eletrajzi-lexikon","7":"first","8":"instock","9":"shipping-taxable","10":"product-type-simple"},"_links":{"self":[{"href":"https:\/\/uj.adatbank.ro\/lexikon\/wp-json\/wp\/v2\/product\/23440","targetHints":{"allow":["GET"]}}],"collection":[{"href":"https:\/\/uj.adatbank.ro\/lexikon\/wp-json\/wp\/v2\/product"}],"about":[{"href":"https:\/\/uj.adatbank.ro\/lexikon\/wp-json\/wp\/v2\/types\/product"}],"replies":[{"embeddable":true,"href":"https:\/\/uj.adatbank.ro\/lexikon\/wp-json\/wp\/v2\/comments?post=23440"}],"wp:attachment":[{"href":"https:\/\/uj.adatbank.ro\/lexikon\/wp-json\/wp\/v2\/media?parent=23440"}],"wp:term":[{"taxonomy":"product_brand","embeddable":true,"href":"https:\/\/uj.adatbank.ro\/lexikon\/wp-json\/wp\/v2\/product_brand?post=23440"},{"taxonomy":"product_cat","embeddable":true,"href":"https:\/\/uj.adatbank.ro\/lexikon\/wp-json\/wp\/v2\/product_cat?post=23440"},{"taxonomy":"product_tag","embeddable":true,"href":"https:\/\/uj.adatbank.ro\/lexikon\/wp-json\/wp\/v2\/product_tag?post=23440"}],"curies":[{"name":"wp","href":"https:\/\/api.w.org\/{rel}","templated":true}]}}