{"id":23446,"date":"2025-08-01T17:27:52","date_gmt":"2025-08-01T15:27:52","guid":{"rendered":"https:\/\/uj.adatbank.ro\/lexikon\/termek\/torok-erno\/"},"modified":"2025-08-01T17:27:52","modified_gmt":"2025-08-01T15:27:52","slug":"torok-erno","status":"publish","type":"product","link":"https:\/\/uj.adatbank.ro\/lexikon\/termek\/torok-erno\/","title":{"rendered":"T\u00d6R\u00d6K Ern\u0151"},"content":{"rendered":"<p>Halm\u00e1gy, 1920. j\u00fal. 15., \u2020 Mv., 2005. j\u00fan. 12.: ref. lelk\u00e9sz, esperes. \u2013 Feles\u00e9ge: Schuller Judit, ref. k\u00e1ntortan\u00edt\u00f3n\u0151 (1923. \u2013 Mv., 2010. m\u00e1rc. 8.). \u2013 Nagyenyeden a Bethlen Koll. tan\u00edt\u00f3k\u00e9pz\u0151j\u00e9ben \u00e9retts\u00e9gizett (1940); Mv.-en az \u00c1llami Tan\u00edt\u00f3k\u00e9pz\u0151ben k\u00e9pes\u00edt\u00e9st szerzett (1941); majd a kv.-i Ref. teol\u00f3gi\u00e1t v\u00e9gezte (1948), k\u00f6zben a BTE B\u00f6lcs\u00e9szkar\u00e1nak is hallgat\u00f3ja volt (1943\u201347). Tan\u00edt\u00f3 Erd\u0151szentgy\u00f6rgy\u00f6n (1941\u201343); lelk\u00e9sz Gegesen (1947\u201350), Ny\u00e1r\u00e1dszered\u00e1ban (1950\u201390). Egyh\u00e1zmisszi\u00f3i el\u0151ad\u00f3 (1950\u201351); a Bekecsalji-Marosi-Dics\u0151i egyh\u00e1zmegye tan\u00e1csosa, sz\u00e1mvev\u0151 (1955\u201380); K\u00fck\u00fcll\u0151i egyh\u00e1zmegyei esperes (1980\u201390). Kutat\u00e1si ter\u00fclete: egyh\u00e1zt\u00f6rt\u00e9nelem, Bocskai Istv\u00e1n. Feles\u00e9g\u00e9vel m\u0171kedvel\u0151 k\u00f6r\u00f6ket vezettek (1941\u2013). Megszervezte Ny\u00e1r\u00e1dszered\u00e1n a 100 \u00e9ves dal\u00e1rda jubileumi \u00fcnneps\u00e9g\u00e9t (1968). Cikkei: Magyar \u00dat, Reform\u00e1tus Szemle. <br \/><strong>\u2013 Irod.:<\/strong> KKACs; [Nekrol\u00f3g] (N\u00fa., 2005. j\u00fan. 12.).<\/br><\/p>\n","protected":false},"excerpt":{"rendered":"<p>Halm\u00e1gy, 1920. j\u00fal. 15., \u2020 Mv., 2005. j\u00fan. 12.: ref. lelk\u00e9sz, esperes. \u2013 Feles\u00e9ge: Schuller Judit, ref. k\u00e1ntortan\u00edt\u00f3n\u0151 (1923. \u2013 Mv., 2010. m\u00e1rc. 8.). \u2013 Nagyenyeden a Bethlen Koll. tan\u00edt\u00f3k\u00e9pz\u0151j\u00e9ben \u00e9retts\u00e9gizett (1940); Mv.-en az \u00c1llami Tan\u00edt\u00f3k\u00e9pz\u0151ben k\u00e9pes\u00edt\u00e9st szerzett (1941); majd a kv.-i Ref. teol\u00f3gi\u00e1t v\u00e9gezte (1948), k\u00f6zben a BTE B\u00f6lcs\u00e9szkar\u00e1nak is hallgat\u00f3ja volt (1943\u201347). Tan\u00edt\u00f3 [&hellip;]<\/p>\n","protected":false},"featured_media":0,"comment_status":"open","ping_status":"closed","template":"","meta":[],"product_brand":[],"product_cat":[137],"product_tag":[],"class_list":{"0":"post-23446","1":"product","2":"type-product","3":"status-publish","5":"product_cat-maros-megyei-eletrajzi-lexikon","7":"first","8":"instock","9":"shipping-taxable","10":"product-type-simple"},"_links":{"self":[{"href":"https:\/\/uj.adatbank.ro\/lexikon\/wp-json\/wp\/v2\/product\/23446","targetHints":{"allow":["GET"]}}],"collection":[{"href":"https:\/\/uj.adatbank.ro\/lexikon\/wp-json\/wp\/v2\/product"}],"about":[{"href":"https:\/\/uj.adatbank.ro\/lexikon\/wp-json\/wp\/v2\/types\/product"}],"replies":[{"embeddable":true,"href":"https:\/\/uj.adatbank.ro\/lexikon\/wp-json\/wp\/v2\/comments?post=23446"}],"wp:attachment":[{"href":"https:\/\/uj.adatbank.ro\/lexikon\/wp-json\/wp\/v2\/media?parent=23446"}],"wp:term":[{"taxonomy":"product_brand","embeddable":true,"href":"https:\/\/uj.adatbank.ro\/lexikon\/wp-json\/wp\/v2\/product_brand?post=23446"},{"taxonomy":"product_cat","embeddable":true,"href":"https:\/\/uj.adatbank.ro\/lexikon\/wp-json\/wp\/v2\/product_cat?post=23446"},{"taxonomy":"product_tag","embeddable":true,"href":"https:\/\/uj.adatbank.ro\/lexikon\/wp-json\/wp\/v2\/product_tag?post=23446"}],"curies":[{"name":"wp","href":"https:\/\/api.w.org\/{rel}","templated":true}]}}