{"id":23456,"date":"2025-08-01T17:28:17","date_gmt":"2025-08-01T15:28:17","guid":{"rendered":"https:\/\/uj.adatbank.ro\/lexikon\/termek\/torok-ferenc-8\/"},"modified":"2025-08-01T17:28:17","modified_gmt":"2025-08-01T15:28:17","slug":"torok-ferenc-8","status":"publish","type":"product","link":"https:\/\/uj.adatbank.ro\/lexikon\/termek\/torok-ferenc-8\/","title":{"rendered":"T\u00d6R\u00d6K Ferenc"},"content":{"rendered":"<p>L\u00f6v\u00e9te, 1870. j\u00fan. 8. \u2020 Sz\u00e9kelyudvarhely, 1949. jan. 24.: r. k. pap. \u2013 Gyulafeh\u00e9rv\u00e1ron szentelt\u00e9k papp\u00e1 (1895. j\u00fal. 14.). Pl\u00e9b\u00e1nos Nagyerny\u00e9n (1933\u201336). <br \/><strong>\u2013 Irod.:<\/strong> Ferenczi S\u00e1ndor 2009.<\/br><\/p>\n","protected":false},"excerpt":{"rendered":"<p>L\u00f6v\u00e9te, 1870. j\u00fan. 8. \u2020 Sz\u00e9kelyudvarhely, 1949. jan. 24.: r. k. pap. \u2013 Gyulafeh\u00e9rv\u00e1ron szentelt\u00e9k papp\u00e1 (1895. j\u00fal. 14.). Pl\u00e9b\u00e1nos Nagyerny\u00e9n (1933\u201336). \u2013 Irod.: Ferenczi S\u00e1ndor 2009.<\/p>\n","protected":false},"featured_media":0,"comment_status":"open","ping_status":"closed","template":"","meta":[],"product_brand":[],"product_cat":[137],"product_tag":[],"class_list":{"0":"post-23456","1":"product","2":"type-product","3":"status-publish","5":"product_cat-maros-megyei-eletrajzi-lexikon","7":"first","8":"instock","9":"shipping-taxable","10":"product-type-simple"},"_links":{"self":[{"href":"https:\/\/uj.adatbank.ro\/lexikon\/wp-json\/wp\/v2\/product\/23456","targetHints":{"allow":["GET"]}}],"collection":[{"href":"https:\/\/uj.adatbank.ro\/lexikon\/wp-json\/wp\/v2\/product"}],"about":[{"href":"https:\/\/uj.adatbank.ro\/lexikon\/wp-json\/wp\/v2\/types\/product"}],"replies":[{"embeddable":true,"href":"https:\/\/uj.adatbank.ro\/lexikon\/wp-json\/wp\/v2\/comments?post=23456"}],"wp:attachment":[{"href":"https:\/\/uj.adatbank.ro\/lexikon\/wp-json\/wp\/v2\/media?parent=23456"}],"wp:term":[{"taxonomy":"product_brand","embeddable":true,"href":"https:\/\/uj.adatbank.ro\/lexikon\/wp-json\/wp\/v2\/product_brand?post=23456"},{"taxonomy":"product_cat","embeddable":true,"href":"https:\/\/uj.adatbank.ro\/lexikon\/wp-json\/wp\/v2\/product_cat?post=23456"},{"taxonomy":"product_tag","embeddable":true,"href":"https:\/\/uj.adatbank.ro\/lexikon\/wp-json\/wp\/v2\/product_tag?post=23456"}],"curies":[{"name":"wp","href":"https:\/\/api.w.org\/{rel}","templated":true}]}}