{"id":23457,"date":"2025-08-01T17:28:19","date_gmt":"2025-08-01T15:28:19","guid":{"rendered":"https:\/\/uj.adatbank.ro\/lexikon\/termek\/torok-ferenc-9\/"},"modified":"2025-08-01T17:28:19","modified_gmt":"2025-08-01T15:28:19","slug":"torok-ferenc-9","status":"publish","type":"product","link":"https:\/\/uj.adatbank.ro\/lexikon\/termek\/torok-ferenc-9\/","title":{"rendered":"T\u00d6R\u00d6K Ferenc"},"content":{"rendered":"<p>1919., \u2020 Mv., ?: orvos. \u2013 Orr-f\u00fcl- g\u00e9g\u00e9sz szakorvos. A MOGYI \u00c1ltal\u00e1nos orvosi Kar\u00e1nak d\u00e9k\u00e1nhelyettese (1955\u201356). \u2013  <strong>F. m..:<\/strong> F\u00fcl-orr-g\u00e9ge gy\u00f3gy\u00e1szati jegyzet (Vend\u00e9g Vince, Zakari\u00e1s Zolt\u00e1nnal, Mv., 1950, 1951, 1959). <br \/><strong>\u2013 Irod.:<\/strong> Genersich, MOGYE; P\u00e9ter; Todea.<\/br><\/p>\n","protected":false},"excerpt":{"rendered":"<p>1919., \u2020 Mv., ?: orvos. \u2013 Orr-f\u00fcl- g\u00e9g\u00e9sz szakorvos. A MOGYI \u00c1ltal\u00e1nos orvosi Kar\u00e1nak d\u00e9k\u00e1nhelyettese (1955\u201356). \u2013 F. m..: F\u00fcl-orr-g\u00e9ge gy\u00f3gy\u00e1szati jegyzet (Vend\u00e9g Vince, Zakari\u00e1s Zolt\u00e1nnal, Mv., 1950, 1951, 1959). \u2013 Irod.: Genersich, MOGYE; P\u00e9ter; Todea.<\/p>\n","protected":false},"featured_media":0,"comment_status":"open","ping_status":"closed","template":"","meta":[],"product_brand":[],"product_cat":[137],"product_tag":[],"class_list":{"0":"post-23457","1":"product","2":"type-product","3":"status-publish","5":"product_cat-maros-megyei-eletrajzi-lexikon","7":"first","8":"instock","9":"shipping-taxable","10":"product-type-simple"},"_links":{"self":[{"href":"https:\/\/uj.adatbank.ro\/lexikon\/wp-json\/wp\/v2\/product\/23457","targetHints":{"allow":["GET"]}}],"collection":[{"href":"https:\/\/uj.adatbank.ro\/lexikon\/wp-json\/wp\/v2\/product"}],"about":[{"href":"https:\/\/uj.adatbank.ro\/lexikon\/wp-json\/wp\/v2\/types\/product"}],"replies":[{"embeddable":true,"href":"https:\/\/uj.adatbank.ro\/lexikon\/wp-json\/wp\/v2\/comments?post=23457"}],"wp:attachment":[{"href":"https:\/\/uj.adatbank.ro\/lexikon\/wp-json\/wp\/v2\/media?parent=23457"}],"wp:term":[{"taxonomy":"product_brand","embeddable":true,"href":"https:\/\/uj.adatbank.ro\/lexikon\/wp-json\/wp\/v2\/product_brand?post=23457"},{"taxonomy":"product_cat","embeddable":true,"href":"https:\/\/uj.adatbank.ro\/lexikon\/wp-json\/wp\/v2\/product_cat?post=23457"},{"taxonomy":"product_tag","embeddable":true,"href":"https:\/\/uj.adatbank.ro\/lexikon\/wp-json\/wp\/v2\/product_tag?post=23457"}],"curies":[{"name":"wp","href":"https:\/\/api.w.org\/{rel}","templated":true}]}}