{"id":23459,"date":"2025-08-01T17:28:23","date_gmt":"2025-08-01T15:28:23","guid":{"rendered":"https:\/\/uj.adatbank.ro\/lexikon\/termek\/torok-foldes-edit\/"},"modified":"2025-08-01T17:28:23","modified_gmt":"2025-08-01T15:28:23","slug":"torok-foldes-edit","status":"publish","type":"product","link":"https:\/\/uj.adatbank.ro\/lexikon\/termek\/torok-foldes-edit\/","title":{"rendered":"T\u00d6R\u00d6K F\u00d6LDES Edit"},"content":{"rendered":"<p>? \u2020 ?: jelmeztervez\u0151. \u2013 A mv.-i Sz\u00e9kely Sz\u00ednh\u00e1zban m\u0171k\u00f6d\u00f6tt (1955\u2013). \u2013 F. t.: B. Nusics: A kegyelmes asszony; Horv\u00e1th \u00c1goston: Varga Katalin; Heimar Kipphardt: Shakespeare kerestetik. <br \/><strong>\u2013 Irod.:<\/strong> Horv\u00e1th Bea.<\/br><\/p>\n","protected":false},"excerpt":{"rendered":"<p>? \u2020 ?: jelmeztervez\u0151. \u2013 A mv.-i Sz\u00e9kely Sz\u00ednh\u00e1zban m\u0171k\u00f6d\u00f6tt (1955\u2013). \u2013 F. t.: B. Nusics: A kegyelmes asszony; Horv\u00e1th \u00c1goston: Varga Katalin; Heimar Kipphardt: Shakespeare kerestetik. \u2013 Irod.: Horv\u00e1th Bea.<\/p>\n","protected":false},"featured_media":0,"comment_status":"open","ping_status":"closed","template":"","meta":[],"product_brand":[],"product_cat":[137],"product_tag":[],"class_list":{"0":"post-23459","1":"product","2":"type-product","3":"status-publish","5":"product_cat-maros-megyei-eletrajzi-lexikon","7":"first","8":"instock","9":"shipping-taxable","10":"product-type-simple"},"_links":{"self":[{"href":"https:\/\/uj.adatbank.ro\/lexikon\/wp-json\/wp\/v2\/product\/23459","targetHints":{"allow":["GET"]}}],"collection":[{"href":"https:\/\/uj.adatbank.ro\/lexikon\/wp-json\/wp\/v2\/product"}],"about":[{"href":"https:\/\/uj.adatbank.ro\/lexikon\/wp-json\/wp\/v2\/types\/product"}],"replies":[{"embeddable":true,"href":"https:\/\/uj.adatbank.ro\/lexikon\/wp-json\/wp\/v2\/comments?post=23459"}],"wp:attachment":[{"href":"https:\/\/uj.adatbank.ro\/lexikon\/wp-json\/wp\/v2\/media?parent=23459"}],"wp:term":[{"taxonomy":"product_brand","embeddable":true,"href":"https:\/\/uj.adatbank.ro\/lexikon\/wp-json\/wp\/v2\/product_brand?post=23459"},{"taxonomy":"product_cat","embeddable":true,"href":"https:\/\/uj.adatbank.ro\/lexikon\/wp-json\/wp\/v2\/product_cat?post=23459"},{"taxonomy":"product_tag","embeddable":true,"href":"https:\/\/uj.adatbank.ro\/lexikon\/wp-json\/wp\/v2\/product_tag?post=23459"}],"curies":[{"name":"wp","href":"https:\/\/api.w.org\/{rel}","templated":true}]}}