{"id":23461,"date":"2025-08-01T17:28:30","date_gmt":"2025-08-01T15:28:30","guid":{"rendered":"https:\/\/uj.adatbank.ro\/lexikon\/termek\/torok-gyula\/"},"modified":"2025-08-01T17:28:30","modified_gmt":"2025-08-01T15:28:30","slug":"torok-gyula","status":"publish","type":"product","link":"https:\/\/uj.adatbank.ro\/lexikon\/termek\/torok-gyula\/","title":{"rendered":"T\u00d6R\u00d6K Gyula"},"content":{"rendered":"<p>Ny\u00e1r\u00e1dcs\u00edkfalva, 1919. nov. 5., \u2020 Krzywor\u00f3wnia, 1944. j\u00fal. 19.: honv\u00e9d. \u2013 Szab\u00f3 Eszter fia. \u2013 57\/I. z\u00e1szl\u00f3aljban honv\u00e9d. Megsebes\u00fclt Kos\u00f3wn\u00e1l, meghalt Krzywor\u00f3wni\u00e1n, a 27. eg\u00e9szs\u00e9g\u00fcgyi oszlopn\u00e1l. <br \/><strong>\u2013 Irod.:<\/strong> Berekm\u00e9ri 2015.<\/br><\/p>\n","protected":false},"excerpt":{"rendered":"<p>Ny\u00e1r\u00e1dcs\u00edkfalva, 1919. nov. 5., \u2020 Krzywor\u00f3wnia, 1944. j\u00fal. 19.: honv\u00e9d. \u2013 Szab\u00f3 Eszter fia. \u2013 57\/I. z\u00e1szl\u00f3aljban honv\u00e9d. Megsebes\u00fclt Kos\u00f3wn\u00e1l, meghalt Krzywor\u00f3wni\u00e1n, a 27. eg\u00e9szs\u00e9g\u00fcgyi oszlopn\u00e1l. \u2013 Irod.: Berekm\u00e9ri 2015.<\/p>\n","protected":false},"featured_media":0,"comment_status":"open","ping_status":"closed","template":"","meta":[],"product_brand":[],"product_cat":[137],"product_tag":[],"class_list":{"0":"post-23461","1":"product","2":"type-product","3":"status-publish","5":"product_cat-maros-megyei-eletrajzi-lexikon","7":"first","8":"instock","9":"shipping-taxable","10":"product-type-simple"},"_links":{"self":[{"href":"https:\/\/uj.adatbank.ro\/lexikon\/wp-json\/wp\/v2\/product\/23461","targetHints":{"allow":["GET"]}}],"collection":[{"href":"https:\/\/uj.adatbank.ro\/lexikon\/wp-json\/wp\/v2\/product"}],"about":[{"href":"https:\/\/uj.adatbank.ro\/lexikon\/wp-json\/wp\/v2\/types\/product"}],"replies":[{"embeddable":true,"href":"https:\/\/uj.adatbank.ro\/lexikon\/wp-json\/wp\/v2\/comments?post=23461"}],"wp:attachment":[{"href":"https:\/\/uj.adatbank.ro\/lexikon\/wp-json\/wp\/v2\/media?parent=23461"}],"wp:term":[{"taxonomy":"product_brand","embeddable":true,"href":"https:\/\/uj.adatbank.ro\/lexikon\/wp-json\/wp\/v2\/product_brand?post=23461"},{"taxonomy":"product_cat","embeddable":true,"href":"https:\/\/uj.adatbank.ro\/lexikon\/wp-json\/wp\/v2\/product_cat?post=23461"},{"taxonomy":"product_tag","embeddable":true,"href":"https:\/\/uj.adatbank.ro\/lexikon\/wp-json\/wp\/v2\/product_tag?post=23461"}],"curies":[{"name":"wp","href":"https:\/\/api.w.org\/{rel}","templated":true}]}}