{"id":23462,"date":"2025-08-01T17:28:32","date_gmt":"2025-08-01T15:28:32","guid":{"rendered":"https:\/\/uj.adatbank.ro\/lexikon\/termek\/torok-ignac\/"},"modified":"2025-08-01T17:28:32","modified_gmt":"2025-08-01T15:28:32","slug":"torok-ignac","status":"publish","type":"product","link":"https:\/\/uj.adatbank.ro\/lexikon\/termek\/torok-ignac\/","title":{"rendered":"T\u00d6R\u00d6K Ign\u00e1c"},"content":{"rendered":"<p>1913., \u2020 ?: tan\u00edt\u00f3. \u2013 Nagyenyeden v\u00e9gzett tan\u00edt\u00f3k\u00e9pz\u0151t (1938). Marosszentgy\u00f6rgy\u00f6n oktatott a ref. egyh\u00e1zi iskol\u00e1ban (1938\u201340). A vas\u00e1rnapi istentiszteleteket is tartotta. <br \/><strong>\u2013 Irod.:<\/strong> Berekm\u00e9ri \u00c1rp\u00e1d-R\u00f3bert: Vizit\u00e1ci\u00f3k Marosszentgy\u00f6rgy\u00f6n a 20. sz. els\u0151 \u00e9vtizedeiben (1900\u20131939) = Marosszentgy\u00f6rgy; S\u00e2ngeorgiu de Mure\u015f \u2013 \u015ecoala.<\/br><\/p>\n","protected":false},"excerpt":{"rendered":"<p>1913., \u2020 ?: tan\u00edt\u00f3. \u2013 Nagyenyeden v\u00e9gzett tan\u00edt\u00f3k\u00e9pz\u0151t (1938). Marosszentgy\u00f6rgy\u00f6n oktatott a ref. egyh\u00e1zi iskol\u00e1ban (1938\u201340). A vas\u00e1rnapi istentiszteleteket is tartotta. \u2013 Irod.: Berekm\u00e9ri \u00c1rp\u00e1d-R\u00f3bert: Vizit\u00e1ci\u00f3k Marosszentgy\u00f6rgy\u00f6n a 20. sz. els\u0151 \u00e9vtizedeiben (1900\u20131939) = Marosszentgy\u00f6rgy; S\u00e2ngeorgiu de Mure\u015f \u2013 \u015ecoala.<\/p>\n","protected":false},"featured_media":0,"comment_status":"open","ping_status":"closed","template":"","meta":[],"product_brand":[],"product_cat":[137],"product_tag":[],"class_list":{"0":"post-23462","1":"product","2":"type-product","3":"status-publish","5":"product_cat-maros-megyei-eletrajzi-lexikon","7":"first","8":"instock","9":"shipping-taxable","10":"product-type-simple"},"_links":{"self":[{"href":"https:\/\/uj.adatbank.ro\/lexikon\/wp-json\/wp\/v2\/product\/23462","targetHints":{"allow":["GET"]}}],"collection":[{"href":"https:\/\/uj.adatbank.ro\/lexikon\/wp-json\/wp\/v2\/product"}],"about":[{"href":"https:\/\/uj.adatbank.ro\/lexikon\/wp-json\/wp\/v2\/types\/product"}],"replies":[{"embeddable":true,"href":"https:\/\/uj.adatbank.ro\/lexikon\/wp-json\/wp\/v2\/comments?post=23462"}],"wp:attachment":[{"href":"https:\/\/uj.adatbank.ro\/lexikon\/wp-json\/wp\/v2\/media?parent=23462"}],"wp:term":[{"taxonomy":"product_brand","embeddable":true,"href":"https:\/\/uj.adatbank.ro\/lexikon\/wp-json\/wp\/v2\/product_brand?post=23462"},{"taxonomy":"product_cat","embeddable":true,"href":"https:\/\/uj.adatbank.ro\/lexikon\/wp-json\/wp\/v2\/product_cat?post=23462"},{"taxonomy":"product_tag","embeddable":true,"href":"https:\/\/uj.adatbank.ro\/lexikon\/wp-json\/wp\/v2\/product_tag?post=23462"}],"curies":[{"name":"wp","href":"https:\/\/api.w.org\/{rel}","templated":true}]}}