{"id":23463,"date":"2025-08-01T17:28:33","date_gmt":"2025-08-01T15:28:33","guid":{"rendered":"https:\/\/uj.adatbank.ro\/lexikon\/termek\/torok-imre\/"},"modified":"2025-08-01T17:28:33","modified_gmt":"2025-08-01T15:28:33","slug":"torok-imre","status":"publish","type":"product","link":"https:\/\/uj.adatbank.ro\/lexikon\/termek\/torok-imre\/","title":{"rendered":"T\u00d6R\u00d6K Imre"},"content":{"rendered":"<p>\u2020 ?: keresked\u0151. \u2013 Iskol\u00e1it Sz\u00e1szv\u00e1rosban v\u00e9gezte, az aradi kereskedelmi iskol\u00e1ban \u00e9retts\u00e9gizett. Ny\u00e1r\u00e1dszered\u00e1ban keresked\u0151, a M. Kaszin\u00f3ban gazdatiszt, a helyi Iparos \u00e9s Polg\u00e1ri k\u00f6r eln\u00f6ke, MP int\u00e9z\u0151bizotts\u00e1g\u00e1nak tagja. A k\u00f6zs\u00e9gi k\u00e9pvisel\u0151 test\u00fclet tagja volt. <br \/><strong>\u2013 Irod.:<\/strong> Sz\u00e9kelyf\u00f6ld \u00ed. k.; Visnai.<\/br><\/p>\n","protected":false},"excerpt":{"rendered":"<p>\u2020 ?: keresked\u0151. \u2013 Iskol\u00e1it Sz\u00e1szv\u00e1rosban v\u00e9gezte, az aradi kereskedelmi iskol\u00e1ban \u00e9retts\u00e9gizett. Ny\u00e1r\u00e1dszered\u00e1ban keresked\u0151, a M. Kaszin\u00f3ban gazdatiszt, a helyi Iparos \u00e9s Polg\u00e1ri k\u00f6r eln\u00f6ke, MP int\u00e9z\u0151bizotts\u00e1g\u00e1nak tagja. A k\u00f6zs\u00e9gi k\u00e9pvisel\u0151 test\u00fclet tagja volt. \u2013 Irod.: Sz\u00e9kelyf\u00f6ld \u00ed. k.; Visnai.<\/p>\n","protected":false},"featured_media":0,"comment_status":"open","ping_status":"closed","template":"","meta":[],"product_brand":[],"product_cat":[137],"product_tag":[],"class_list":{"0":"post-23463","1":"product","2":"type-product","3":"status-publish","5":"product_cat-maros-megyei-eletrajzi-lexikon","7":"first","8":"instock","9":"shipping-taxable","10":"product-type-simple"},"_links":{"self":[{"href":"https:\/\/uj.adatbank.ro\/lexikon\/wp-json\/wp\/v2\/product\/23463","targetHints":{"allow":["GET"]}}],"collection":[{"href":"https:\/\/uj.adatbank.ro\/lexikon\/wp-json\/wp\/v2\/product"}],"about":[{"href":"https:\/\/uj.adatbank.ro\/lexikon\/wp-json\/wp\/v2\/types\/product"}],"replies":[{"embeddable":true,"href":"https:\/\/uj.adatbank.ro\/lexikon\/wp-json\/wp\/v2\/comments?post=23463"}],"wp:attachment":[{"href":"https:\/\/uj.adatbank.ro\/lexikon\/wp-json\/wp\/v2\/media?parent=23463"}],"wp:term":[{"taxonomy":"product_brand","embeddable":true,"href":"https:\/\/uj.adatbank.ro\/lexikon\/wp-json\/wp\/v2\/product_brand?post=23463"},{"taxonomy":"product_cat","embeddable":true,"href":"https:\/\/uj.adatbank.ro\/lexikon\/wp-json\/wp\/v2\/product_cat?post=23463"},{"taxonomy":"product_tag","embeddable":true,"href":"https:\/\/uj.adatbank.ro\/lexikon\/wp-json\/wp\/v2\/product_tag?post=23463"}],"curies":[{"name":"wp","href":"https:\/\/api.w.org\/{rel}","templated":true}]}}