{"id":23464,"date":"2025-08-01T17:28:36","date_gmt":"2025-08-01T15:28:36","guid":{"rendered":"https:\/\/uj.adatbank.ro\/lexikon\/termek\/torok-imre-2\/"},"modified":"2025-08-01T17:28:36","modified_gmt":"2025-08-01T15:28:36","slug":"torok-imre-2","status":"publish","type":"product","link":"https:\/\/uj.adatbank.ro\/lexikon\/termek\/torok-imre-2\/","title":{"rendered":"T\u00d6R\u00d6K Imre"},"content":{"rendered":"<p>1943. ? \u2020 Szov\u00e1ta, 1997. \u00e1pr. 1.: sporttan\u00e1r. <br \/><strong>\u2013 Irod.:<\/strong> [Nekrol\u00f3g] (N\u00fa., 1997. \u00e1pr. 3.).<\/br><\/p>\n","protected":false},"excerpt":{"rendered":"<p>1943. ? \u2020 Szov\u00e1ta, 1997. \u00e1pr. 1.: sporttan\u00e1r. \u2013 Irod.: [Nekrol\u00f3g] (N\u00fa., 1997. \u00e1pr. 3.).<\/p>\n","protected":false},"featured_media":0,"comment_status":"open","ping_status":"closed","template":"","meta":[],"product_brand":[],"product_cat":[137],"product_tag":[],"class_list":{"0":"post-23464","1":"product","2":"type-product","3":"status-publish","5":"product_cat-maros-megyei-eletrajzi-lexikon","7":"first","8":"instock","9":"shipping-taxable","10":"product-type-simple"},"_links":{"self":[{"href":"https:\/\/uj.adatbank.ro\/lexikon\/wp-json\/wp\/v2\/product\/23464","targetHints":{"allow":["GET"]}}],"collection":[{"href":"https:\/\/uj.adatbank.ro\/lexikon\/wp-json\/wp\/v2\/product"}],"about":[{"href":"https:\/\/uj.adatbank.ro\/lexikon\/wp-json\/wp\/v2\/types\/product"}],"replies":[{"embeddable":true,"href":"https:\/\/uj.adatbank.ro\/lexikon\/wp-json\/wp\/v2\/comments?post=23464"}],"wp:attachment":[{"href":"https:\/\/uj.adatbank.ro\/lexikon\/wp-json\/wp\/v2\/media?parent=23464"}],"wp:term":[{"taxonomy":"product_brand","embeddable":true,"href":"https:\/\/uj.adatbank.ro\/lexikon\/wp-json\/wp\/v2\/product_brand?post=23464"},{"taxonomy":"product_cat","embeddable":true,"href":"https:\/\/uj.adatbank.ro\/lexikon\/wp-json\/wp\/v2\/product_cat?post=23464"},{"taxonomy":"product_tag","embeddable":true,"href":"https:\/\/uj.adatbank.ro\/lexikon\/wp-json\/wp\/v2\/product_tag?post=23464"}],"curies":[{"name":"wp","href":"https:\/\/api.w.org\/{rel}","templated":true}]}}