{"id":23465,"date":"2025-08-01T17:28:39","date_gmt":"2025-08-01T15:28:39","guid":{"rendered":"https:\/\/uj.adatbank.ro\/lexikon\/termek\/torok-istvan-kolosi\/"},"modified":"2025-08-01T17:28:39","modified_gmt":"2025-08-01T15:28:39","slug":"torok-istvan-kolosi","status":"publish","type":"product","link":"https:\/\/uj.adatbank.ro\/lexikon\/termek\/torok-istvan-kolosi\/","title":{"rendered":"T\u00d6R\u00d6K Istv\u00e1n, kolosi"},"content":{"rendered":"<p>Kolozs, 1611, \u2020 Ny\u00e1r\u00e1dszentm\u00e1rton, 1652: unit. esperes. \u2013 Bethlen Ferenc fejedelmi udvarmester h\u00e1z\u00e1ban nevelkedett, majd Kolozson szentm\u00e1rtoni Bod\u00f3 J\u00e1nos unit. pap lelk\u00e9sz mellett tan\u00edt\u00f3 volt. Torock\u00f3szentgy\u00f6rgy\u00f6n (1636 k.), majd Ny\u00e1r\u00e1dszentm\u00e1rtonban (1640\u2013), a tordai zsinat egyh\u00e1zi gener\u00e1lis n\u00f3t\u00e1riusnak v\u00e1lasztotta (1640. j\u00fan.), ut\u00f3bb a marosi egyh\u00e1zk\u00f6r esperese volt. Verselni kezdett (1630\u2013), a kiadott k\u00f6ltem\u00e9ny\u00e9t Kv. tan\u00e1cs\u00e1nak, \u201ekegyes patronusi\u201d-nak aj\u00e1nlotta (1635). \u2013  <strong>F. m..:<\/strong> Az Asszonyi Nemnek nemess\u00e9g\u00e9r\u0151l, m\u00e9lt\u00f3s\u00e1g\u00e1r\u00f3l \u00e9s dits\u00e9ret\u00e9r\u0151l val\u00f3 Rythmusok (Kv., 1630; L\u0151cse, 1655); Az szent J\u00e1nos evang\u00e9lista \u00e9s apostol hist\u00f3ri\u00e1ja (Reuchlin nyom\u00e1n). (Kv., 1635); Az Eggyes \u00e9letnek kedvetlen \u00e9s k\u00e1ros volt\u00e1r\u00f3l&#8230; (Kv., 1643; L\u0151cse, 1647, 3. kiad. 1696); Az kakasr\u00f3l val\u00f3 hasonlatoss\u00e1gban a papok tisztir\u0151l val\u00f3 \u00e9nek. (Kv. 1643.). <br \/><strong>\u2013 Irod.:<\/strong> Cs\u00edkfalva; Rugonfalvi Kiss; \u00daM\u00c9L; Zov\u00e1nyi.<\/br><\/p>\n","protected":false},"excerpt":{"rendered":"<p>Kolozs, 1611, \u2020 Ny\u00e1r\u00e1dszentm\u00e1rton, 1652: unit. esperes. \u2013 Bethlen Ferenc fejedelmi udvarmester h\u00e1z\u00e1ban nevelkedett, majd Kolozson szentm\u00e1rtoni Bod\u00f3 J\u00e1nos unit. pap lelk\u00e9sz mellett tan\u00edt\u00f3 volt. Torock\u00f3szentgy\u00f6rgy\u00f6n (1636 k.), majd Ny\u00e1r\u00e1dszentm\u00e1rtonban (1640\u2013), a tordai zsinat egyh\u00e1zi gener\u00e1lis n\u00f3t\u00e1riusnak v\u00e1lasztotta (1640. j\u00fan.), ut\u00f3bb a marosi egyh\u00e1zk\u00f6r esperese volt. Verselni kezdett (1630\u2013), a kiadott k\u00f6ltem\u00e9ny\u00e9t Kv. tan\u00e1cs\u00e1nak, \u201ekegyes [&hellip;]<\/p>\n","protected":false},"featured_media":0,"comment_status":"open","ping_status":"closed","template":"","meta":[],"product_brand":[],"product_cat":[137],"product_tag":[],"class_list":{"0":"post-23465","1":"product","2":"type-product","3":"status-publish","5":"product_cat-maros-megyei-eletrajzi-lexikon","7":"first","8":"instock","9":"shipping-taxable","10":"product-type-simple"},"_links":{"self":[{"href":"https:\/\/uj.adatbank.ro\/lexikon\/wp-json\/wp\/v2\/product\/23465","targetHints":{"allow":["GET"]}}],"collection":[{"href":"https:\/\/uj.adatbank.ro\/lexikon\/wp-json\/wp\/v2\/product"}],"about":[{"href":"https:\/\/uj.adatbank.ro\/lexikon\/wp-json\/wp\/v2\/types\/product"}],"replies":[{"embeddable":true,"href":"https:\/\/uj.adatbank.ro\/lexikon\/wp-json\/wp\/v2\/comments?post=23465"}],"wp:attachment":[{"href":"https:\/\/uj.adatbank.ro\/lexikon\/wp-json\/wp\/v2\/media?parent=23465"}],"wp:term":[{"taxonomy":"product_brand","embeddable":true,"href":"https:\/\/uj.adatbank.ro\/lexikon\/wp-json\/wp\/v2\/product_brand?post=23465"},{"taxonomy":"product_cat","embeddable":true,"href":"https:\/\/uj.adatbank.ro\/lexikon\/wp-json\/wp\/v2\/product_cat?post=23465"},{"taxonomy":"product_tag","embeddable":true,"href":"https:\/\/uj.adatbank.ro\/lexikon\/wp-json\/wp\/v2\/product_tag?post=23465"}],"curies":[{"name":"wp","href":"https:\/\/api.w.org\/{rel}","templated":true}]}}