{"id":23466,"date":"2025-08-01T17:28:42","date_gmt":"2025-08-01T15:28:42","guid":{"rendered":"https:\/\/uj.adatbank.ro\/lexikon\/termek\/torok-janos\/"},"modified":"2025-08-01T17:28:42","modified_gmt":"2025-08-01T15:28:42","slug":"torok-janos","status":"publish","type":"product","link":"https:\/\/uj.adatbank.ro\/lexikon\/termek\/torok-janos\/","title":{"rendered":"T\u00d6R\u00d6K J\u00e1nos"},"content":{"rendered":"<p>Csekefalva, 1881., \u2020 1962.: k\u00e1ntortan\u00edt\u00f3, igazgat\u00f3. \u2013 Feles\u00e9ge: Filep Erzs\u00e9bet, Filep J\u00f3zsef, erd\u0151szengyeli f\u00f6ldbirtokos le\u00e1nya (\u2020 1984). Fiaik: J\u00e1nos, J\u00f3zsef \u00e9s B\u00e9la. \u2013 A tan\u00edt\u00f3k\u00e9pz\u0151 elv\u00e9gz\u00e9se ut\u00e1n kinevezt\u00e9k az iklandi unit. Egyh\u00e1zk\u00f6zs\u00e9g iskol\u00e1j\u00e1ba tan\u00edt\u00f3nak \u00e9s k\u00e1ntornak (1912\u2013), Az I.vh.-ban katonai szolg\u00e1latra h\u00edvt\u00e1k, majd az orosz frontra vez\u00e9nyelt\u00e9k, fogs\u00e1gba ker\u00fclt, a Bajk\u00e1l-t\u00f3 melletti fogolyt\u00e1borb\u00f3l, a jap\u00e1n hadvezet\u0151s\u00e9g \u00e1thelyezte a t\u00e1bort Vladivosztokba, onnan csak t\u00f6bb mint hat \u00e9s f\u00e9l \u00e9v ut\u00e1n ker\u00fclt haza (1921). Dics\u0151szentm\u00e1rtonba helyezt\u00e9k, az unit. iskola igazgat\u00f3-tan\u00edt\u00f3ja \u00e9s k\u00e1ntor volt. <br \/><strong>\u2013 Irod.:<\/strong> Filep 2.<\/br><\/p>\n","protected":false},"excerpt":{"rendered":"<p>Csekefalva, 1881., \u2020 1962.: k\u00e1ntortan\u00edt\u00f3, igazgat\u00f3. \u2013 Feles\u00e9ge: Filep Erzs\u00e9bet, Filep J\u00f3zsef, erd\u0151szengyeli f\u00f6ldbirtokos le\u00e1nya (\u2020 1984). Fiaik: J\u00e1nos, J\u00f3zsef \u00e9s B\u00e9la. \u2013 A tan\u00edt\u00f3k\u00e9pz\u0151 elv\u00e9gz\u00e9se ut\u00e1n kinevezt\u00e9k az iklandi unit. Egyh\u00e1zk\u00f6zs\u00e9g iskol\u00e1j\u00e1ba tan\u00edt\u00f3nak \u00e9s k\u00e1ntornak (1912\u2013), Az I.vh.-ban katonai szolg\u00e1latra h\u00edvt\u00e1k, majd az orosz frontra vez\u00e9nyelt\u00e9k, fogs\u00e1gba ker\u00fclt, a Bajk\u00e1l-t\u00f3 melletti fogolyt\u00e1borb\u00f3l, a jap\u00e1n [&hellip;]<\/p>\n","protected":false},"featured_media":0,"comment_status":"open","ping_status":"closed","template":"","meta":[],"product_brand":[],"product_cat":[137],"product_tag":[],"class_list":{"0":"post-23466","1":"product","2":"type-product","3":"status-publish","5":"product_cat-maros-megyei-eletrajzi-lexikon","7":"first","8":"instock","9":"shipping-taxable","10":"product-type-simple"},"_links":{"self":[{"href":"https:\/\/uj.adatbank.ro\/lexikon\/wp-json\/wp\/v2\/product\/23466","targetHints":{"allow":["GET"]}}],"collection":[{"href":"https:\/\/uj.adatbank.ro\/lexikon\/wp-json\/wp\/v2\/product"}],"about":[{"href":"https:\/\/uj.adatbank.ro\/lexikon\/wp-json\/wp\/v2\/types\/product"}],"replies":[{"embeddable":true,"href":"https:\/\/uj.adatbank.ro\/lexikon\/wp-json\/wp\/v2\/comments?post=23466"}],"wp:attachment":[{"href":"https:\/\/uj.adatbank.ro\/lexikon\/wp-json\/wp\/v2\/media?parent=23466"}],"wp:term":[{"taxonomy":"product_brand","embeddable":true,"href":"https:\/\/uj.adatbank.ro\/lexikon\/wp-json\/wp\/v2\/product_brand?post=23466"},{"taxonomy":"product_cat","embeddable":true,"href":"https:\/\/uj.adatbank.ro\/lexikon\/wp-json\/wp\/v2\/product_cat?post=23466"},{"taxonomy":"product_tag","embeddable":true,"href":"https:\/\/uj.adatbank.ro\/lexikon\/wp-json\/wp\/v2\/product_tag?post=23466"}],"curies":[{"name":"wp","href":"https:\/\/api.w.org\/{rel}","templated":true}]}}