{"id":23467,"date":"2025-08-01T17:28:44","date_gmt":"2025-08-01T15:28:44","guid":{"rendered":"https:\/\/uj.adatbank.ro\/lexikon\/termek\/torok-janos-2\/"},"modified":"2026-02-18T09:48:24","modified_gmt":"2026-02-18T08:48:24","slug":"torok-janos-2","status":"publish","type":"product","link":"https:\/\/uj.adatbank.ro\/lexikon\/termek\/torok-janos-2\/","title":{"rendered":"T\u00d6R\u00d6K J\u00e1nos"},"content":{"rendered":"<p>? \u2020 ?: gernyeszegi.<br \/>\n<strong>\u2013 Irod.:<\/strong> N\u00e9vjegyz\u00e9k (S.l., s.a.).<\/p>\n","protected":false},"excerpt":{"rendered":"<p>? \u2020 ?: gernyeszegi. \u2013 Irod.: N\u00e9vjegyz\u00e9k (S.l., s.a.).<\/p>\n","protected":false},"featured_media":0,"comment_status":"open","ping_status":"closed","template":"","meta":[],"product_brand":[],"product_cat":[137],"product_tag":[],"class_list":{"0":"post-23467","1":"product","2":"type-product","3":"status-publish","5":"product_cat-maros-megyei-eletrajzi-lexikon","7":"first","8":"instock","9":"shipping-taxable","10":"product-type-simple"},"_links":{"self":[{"href":"https:\/\/uj.adatbank.ro\/lexikon\/wp-json\/wp\/v2\/product\/23467","targetHints":{"allow":["GET"]}}],"collection":[{"href":"https:\/\/uj.adatbank.ro\/lexikon\/wp-json\/wp\/v2\/product"}],"about":[{"href":"https:\/\/uj.adatbank.ro\/lexikon\/wp-json\/wp\/v2\/types\/product"}],"replies":[{"embeddable":true,"href":"https:\/\/uj.adatbank.ro\/lexikon\/wp-json\/wp\/v2\/comments?post=23467"}],"wp:attachment":[{"href":"https:\/\/uj.adatbank.ro\/lexikon\/wp-json\/wp\/v2\/media?parent=23467"}],"wp:term":[{"taxonomy":"product_brand","embeddable":true,"href":"https:\/\/uj.adatbank.ro\/lexikon\/wp-json\/wp\/v2\/product_brand?post=23467"},{"taxonomy":"product_cat","embeddable":true,"href":"https:\/\/uj.adatbank.ro\/lexikon\/wp-json\/wp\/v2\/product_cat?post=23467"},{"taxonomy":"product_tag","embeddable":true,"href":"https:\/\/uj.adatbank.ro\/lexikon\/wp-json\/wp\/v2\/product_tag?post=23467"}],"curies":[{"name":"wp","href":"https:\/\/api.w.org\/{rel}","templated":true}]}}