{"id":23472,"date":"2025-08-01T17:28:56","date_gmt":"2025-08-01T15:28:56","guid":{"rendered":"https:\/\/uj.adatbank.ro\/lexikon\/termek\/torok-jozsef-2\/"},"modified":"2025-08-01T17:28:56","modified_gmt":"2025-08-01T15:28:56","slug":"torok-jozsef-2","status":"publish","type":"product","link":"https:\/\/uj.adatbank.ro\/lexikon\/termek\/torok-jozsef-2\/","title":{"rendered":"T\u00d6R\u00d6K J\u00f3zsef"},"content":{"rendered":"<p>Sz\u00e9kelyhodos, 1939. \u00e1pr. 3., \u2020 Mv., 1995. nov. 23.: gy\u00f3gyszer\u00e9sz. \u2013 A Bolyai Farkas L\u00edc.-ban v\u00e9gzett (1955), majd postai hivatalnokoskod\u00e1s ut\u00e1n a MOGYI-n szerzett gy\u00f3gyszer\u00e9sz oklevelet (1963). Gy\u00f3gyszert\u00e1rvezet\u0151 volt Lib\u00e1nfalv\u00e1n, Parajdon, Gyimesk\u00f6z\u00e9plokon, Et\u00e9den, ism\u00e9t Parajdon, majd mv.-i \u00faj megyei klinika 103. sz., majd 105. sz. gy\u00f3gyszert\u00e1r vezet\u0151je (1972\u2013), f\u0151gy\u00f3gyszer\u00e9szi vizsg\u00e1t tett (1975). <br \/><strong>\u2013 Irod.:<\/strong> [Nekrol\u00f3g] (N\u00fa., 1995. nov. 24.); P\u00e9ter H. M.; P\u00e9ter H. M. 2013.<\/br><\/p>\n","protected":false},"excerpt":{"rendered":"<p>Sz\u00e9kelyhodos, 1939. \u00e1pr. 3., \u2020 Mv., 1995. nov. 23.: gy\u00f3gyszer\u00e9sz. \u2013 A Bolyai Farkas L\u00edc.-ban v\u00e9gzett (1955), majd postai hivatalnokoskod\u00e1s ut\u00e1n a MOGYI-n szerzett gy\u00f3gyszer\u00e9sz oklevelet (1963). Gy\u00f3gyszert\u00e1rvezet\u0151 volt Lib\u00e1nfalv\u00e1n, Parajdon, Gyimesk\u00f6z\u00e9plokon, Et\u00e9den, ism\u00e9t Parajdon, majd mv.-i \u00faj megyei klinika 103. sz., majd 105. sz. gy\u00f3gyszert\u00e1r vezet\u0151je (1972\u2013), f\u0151gy\u00f3gyszer\u00e9szi vizsg\u00e1t tett (1975). \u2013 Irod.: [Nekrol\u00f3g] [&hellip;]<\/p>\n","protected":false},"featured_media":0,"comment_status":"open","ping_status":"closed","template":"","meta":[],"product_brand":[],"product_cat":[137],"product_tag":[],"class_list":{"0":"post-23472","1":"product","2":"type-product","3":"status-publish","5":"product_cat-maros-megyei-eletrajzi-lexikon","7":"first","8":"instock","9":"shipping-taxable","10":"product-type-simple"},"_links":{"self":[{"href":"https:\/\/uj.adatbank.ro\/lexikon\/wp-json\/wp\/v2\/product\/23472","targetHints":{"allow":["GET"]}}],"collection":[{"href":"https:\/\/uj.adatbank.ro\/lexikon\/wp-json\/wp\/v2\/product"}],"about":[{"href":"https:\/\/uj.adatbank.ro\/lexikon\/wp-json\/wp\/v2\/types\/product"}],"replies":[{"embeddable":true,"href":"https:\/\/uj.adatbank.ro\/lexikon\/wp-json\/wp\/v2\/comments?post=23472"}],"wp:attachment":[{"href":"https:\/\/uj.adatbank.ro\/lexikon\/wp-json\/wp\/v2\/media?parent=23472"}],"wp:term":[{"taxonomy":"product_brand","embeddable":true,"href":"https:\/\/uj.adatbank.ro\/lexikon\/wp-json\/wp\/v2\/product_brand?post=23472"},{"taxonomy":"product_cat","embeddable":true,"href":"https:\/\/uj.adatbank.ro\/lexikon\/wp-json\/wp\/v2\/product_cat?post=23472"},{"taxonomy":"product_tag","embeddable":true,"href":"https:\/\/uj.adatbank.ro\/lexikon\/wp-json\/wp\/v2\/product_tag?post=23472"}],"curies":[{"name":"wp","href":"https:\/\/api.w.org\/{rel}","templated":true}]}}