{"id":23476,"date":"2025-08-01T17:29:05","date_gmt":"2025-08-01T15:29:05","guid":{"rendered":"https:\/\/uj.adatbank.ro\/lexikon\/termek\/torok-karoly\/"},"modified":"2025-08-01T17:29:05","modified_gmt":"2025-08-01T15:29:05","slug":"torok-karoly","status":"publish","type":"product","link":"https:\/\/uj.adatbank.ro\/lexikon\/termek\/torok-karoly\/","title":{"rendered":"T\u00d6R\u00d6K K\u00e1roly"},"content":{"rendered":"<p>1909, \u2020 Mv., 1985. aug. 24.: igazgat\u00f3. \u2013 A mv.-i b\u0151r- \u00e9s keszty\u0171gy\u00e1r igazgat\u00f3ja t\u00f6bb mint t\u00edz \u00e9vig, ez id\u0151 alatt tett\u00e9k le az \u00faj gy\u00e1r fel\u00e9p\u00edt\u00e9s\u00e9nek alapjait. <br \/><strong>\u2013 Irod.:<\/strong> [Nekrol\u00f3g] (V. Z., 1985. aug. 25.).<\/br><\/p>\n","protected":false},"excerpt":{"rendered":"<p>1909, \u2020 Mv., 1985. aug. 24.: igazgat\u00f3. \u2013 A mv.-i b\u0151r- \u00e9s keszty\u0171gy\u00e1r igazgat\u00f3ja t\u00f6bb mint t\u00edz \u00e9vig, ez id\u0151 alatt tett\u00e9k le az \u00faj gy\u00e1r fel\u00e9p\u00edt\u00e9s\u00e9nek alapjait. \u2013 Irod.: [Nekrol\u00f3g] (V. Z., 1985. aug. 25.).<\/p>\n","protected":false},"featured_media":0,"comment_status":"open","ping_status":"closed","template":"","meta":[],"product_brand":[],"product_cat":[137],"product_tag":[],"class_list":{"0":"post-23476","1":"product","2":"type-product","3":"status-publish","5":"product_cat-maros-megyei-eletrajzi-lexikon","7":"first","8":"instock","9":"shipping-taxable","10":"product-type-simple"},"_links":{"self":[{"href":"https:\/\/uj.adatbank.ro\/lexikon\/wp-json\/wp\/v2\/product\/23476","targetHints":{"allow":["GET"]}}],"collection":[{"href":"https:\/\/uj.adatbank.ro\/lexikon\/wp-json\/wp\/v2\/product"}],"about":[{"href":"https:\/\/uj.adatbank.ro\/lexikon\/wp-json\/wp\/v2\/types\/product"}],"replies":[{"embeddable":true,"href":"https:\/\/uj.adatbank.ro\/lexikon\/wp-json\/wp\/v2\/comments?post=23476"}],"wp:attachment":[{"href":"https:\/\/uj.adatbank.ro\/lexikon\/wp-json\/wp\/v2\/media?parent=23476"}],"wp:term":[{"taxonomy":"product_brand","embeddable":true,"href":"https:\/\/uj.adatbank.ro\/lexikon\/wp-json\/wp\/v2\/product_brand?post=23476"},{"taxonomy":"product_cat","embeddable":true,"href":"https:\/\/uj.adatbank.ro\/lexikon\/wp-json\/wp\/v2\/product_cat?post=23476"},{"taxonomy":"product_tag","embeddable":true,"href":"https:\/\/uj.adatbank.ro\/lexikon\/wp-json\/wp\/v2\/product_tag?post=23476"}],"curies":[{"name":"wp","href":"https:\/\/api.w.org\/{rel}","templated":true}]}}