{"id":23478,"date":"2025-08-01T17:29:08","date_gmt":"2025-08-01T15:29:08","guid":{"rendered":"https:\/\/uj.adatbank.ro\/lexikon\/termek\/torok-laszlo\/"},"modified":"2025-08-01T17:29:08","modified_gmt":"2025-08-01T15:29:08","slug":"torok-laszlo","status":"publish","type":"product","link":"https:\/\/uj.adatbank.ro\/lexikon\/termek\/torok-laszlo\/","title":{"rendered":"T\u00d6R\u00d6K L\u00e1szl\u00f3"},"content":{"rendered":"<p>K\u00e1poszt\u00e1sszentmikl\u00f3s, ? \u2020 Nagyernye, 1823.: ref. lelk\u00e9sz. \u2013 Apja is lelk\u00e9sz volt K\u00e1poszt\u00e1sszentmikl\u00f3son. \u2013 A mv.-i Ref.Koll.-ban tanult (1772\u2013). Csejden szolg\u00e1lt (1792\u20131803). A mv.-i ispot\u00e1ly (k\u00f3rh\u00e1z) lelk\u00e9sze, majd Erny\u00e9ben lett lelk\u00e9sz (1810\u20131823). Erny\u00e9ben van v\u00e9gs\u0151 nyugalomra helyezve. <br \/><strong>\u2013 Irod.:<\/strong> Csejd \u2013 T\u00f3falva; Farcz\u00e1dy Imreh Barna; Nagyernye.<\/br><\/p>\n","protected":false},"excerpt":{"rendered":"<p>K\u00e1poszt\u00e1sszentmikl\u00f3s, ? \u2020 Nagyernye, 1823.: ref. lelk\u00e9sz. \u2013 Apja is lelk\u00e9sz volt K\u00e1poszt\u00e1sszentmikl\u00f3son. \u2013 A mv.-i Ref.Koll.-ban tanult (1772\u2013). Csejden szolg\u00e1lt (1792\u20131803). A mv.-i ispot\u00e1ly (k\u00f3rh\u00e1z) lelk\u00e9sze, majd Erny\u00e9ben lett lelk\u00e9sz (1810\u20131823). Erny\u00e9ben van v\u00e9gs\u0151 nyugalomra helyezve. \u2013 Irod.: Csejd \u2013 T\u00f3falva; Farcz\u00e1dy Imreh Barna; Nagyernye.<\/p>\n","protected":false},"featured_media":0,"comment_status":"open","ping_status":"closed","template":"","meta":[],"product_brand":[],"product_cat":[137],"product_tag":[],"class_list":{"0":"post-23478","1":"product","2":"type-product","3":"status-publish","5":"product_cat-maros-megyei-eletrajzi-lexikon","7":"first","8":"instock","9":"shipping-taxable","10":"product-type-simple"},"_links":{"self":[{"href":"https:\/\/uj.adatbank.ro\/lexikon\/wp-json\/wp\/v2\/product\/23478","targetHints":{"allow":["GET"]}}],"collection":[{"href":"https:\/\/uj.adatbank.ro\/lexikon\/wp-json\/wp\/v2\/product"}],"about":[{"href":"https:\/\/uj.adatbank.ro\/lexikon\/wp-json\/wp\/v2\/types\/product"}],"replies":[{"embeddable":true,"href":"https:\/\/uj.adatbank.ro\/lexikon\/wp-json\/wp\/v2\/comments?post=23478"}],"wp:attachment":[{"href":"https:\/\/uj.adatbank.ro\/lexikon\/wp-json\/wp\/v2\/media?parent=23478"}],"wp:term":[{"taxonomy":"product_brand","embeddable":true,"href":"https:\/\/uj.adatbank.ro\/lexikon\/wp-json\/wp\/v2\/product_brand?post=23478"},{"taxonomy":"product_cat","embeddable":true,"href":"https:\/\/uj.adatbank.ro\/lexikon\/wp-json\/wp\/v2\/product_cat?post=23478"},{"taxonomy":"product_tag","embeddable":true,"href":"https:\/\/uj.adatbank.ro\/lexikon\/wp-json\/wp\/v2\/product_tag?post=23478"}],"curies":[{"name":"wp","href":"https:\/\/api.w.org\/{rel}","templated":true}]}}