{"id":23479,"date":"2025-08-01T17:29:12","date_gmt":"2025-08-01T15:29:12","guid":{"rendered":"https:\/\/uj.adatbank.ro\/lexikon\/termek\/torok-laszlo-alneve-lovetei-laszlo\/"},"modified":"2025-08-01T17:29:12","modified_gmt":"2025-08-01T15:29:12","slug":"torok-laszlo-alneve-lovetei-laszlo","status":"publish","type":"product","link":"https:\/\/uj.adatbank.ro\/lexikon\/termek\/torok-laszlo-alneve-lovetei-laszlo\/","title":{"rendered":"T\u00d6R\u00d6K L\u00e1szl\u00f3, \u00e1lneve: L\u00f6v\u00e9tei L\u00e1szl\u00f3"},"content":{"rendered":"<p>L\u00f6v\u00e9te, 1929. febr. 7., \u2020 Mv., 1997. dec. 19.: \u00fajs\u00e1g\u00edr\u00f3, filmkritikus, szerk. \u2013 Sz\u00fcl\u0151faluj\u00e1ban a r. k. \u00e1ltal\u00e1nos iskola tanul\u00f3ja (1936\u201342), Mv.-en elektrotechnikai k\u00e9pes\u00edt\u00e9st nyert (1943\u201347). Kv.-on a BTE munk\u00e1sfakult\u00e1s\u00e1n \u00e9retts\u00e9gizett (1955), Buk.-ben a \u015etefan Gheorghiu Akad. Filoz\u00f3fia kar\u00e1n szerzett oklevelet (1968\u201372). Szentkeresztb\u00e1ny\u00e1n a Vas\u00fczemben elektrotechnikus (1948\u201351); Buk.-ben az RMSz \/ El\u0151re napilap munkat\u00e1rsa (1951\u201358). Mv.-en a M\u0171v\u00e9szet szerkeszt\u0151je, a filmrovat vezet\u0151je (1958. \u00e1pr. \u2013), az \u00daj \u00c9let (1959\u20131989) f\u0151szerkeszt\u0151-helyettese nyugd\u00edjaz\u00e1s\u00e1ig (1967\u201389). A T\u00e9ka K\u00f6nyvesbolt Kft. \u00fczletvezet\u0151je (1991\u2013). A Rom\u00e1n \u00dajs\u00e1g\u00edr\u00f3sz\u00f6vets\u00e9g tagja (1952\u201389), az \u00daj ESzC tagja (1990\u201391). T\u00f6bb mint ezer riportot, publicisztikai \u00edr\u00e1st, filmkritik\u00e1t, tanulm\u00e1nyt k\u00f6z\u00f6lt a: RMSz, El\u0151re, V. Z., N\u00e9p\u00fajs\u00e1g, M\u0171vel\u0151d\u00e9s, Korunk, Falvak Dolgoz\u00f3 N\u00e9pe, Dolgoz\u00f3 N\u0151, Ifj\u00famunk\u00e1s, Hargita, Brass\u00f3i Lapok, Igaz Sz\u00f3, \u00daj \u00c9let, Erd\u00e9lyi Magyars\u00e1g has\u00e1bjain. \u2013  <strong>F. m..:<\/strong> Emberek vagyunk (aforizm\u00e1k; Buk., 1979);  <strong> szerk.:<\/strong> L\u00e1tv\u00e1ny \u00e9s val\u00f3s\u00e1g (tanulm\u00e1nyok a filmm\u0171v\u00e9szetr\u0151l; v\u00e1l., jegyz.; Buk., 1974); T\u0171n\u0151d\u0151 \u00e9rtelem (aforizm\u00e1k; D\u00e9va, 1997). <br \/><strong>\u2013 Irod.:<\/strong> Aranykorszak; Bartos 2012; KKACs; KM\u00cd; Kusz\u00e1lik; Moln\u00e1r; [Nekrol\u00f3g] (N\u00fa., 1997. dec. 23.); RMKK; T. L. eml\u00e9k\u00e9re (N\u00fa., 1997. dec. 27.).<\/br><\/p>\n","protected":false},"excerpt":{"rendered":"<p>L\u00f6v\u00e9te, 1929. febr. 7., \u2020 Mv., 1997. dec. 19.: \u00fajs\u00e1g\u00edr\u00f3, filmkritikus, szerk. \u2013 Sz\u00fcl\u0151faluj\u00e1ban a r. k. \u00e1ltal\u00e1nos iskola tanul\u00f3ja (1936\u201342), Mv.-en elektrotechnikai k\u00e9pes\u00edt\u00e9st nyert (1943\u201347). Kv.-on a BTE munk\u00e1sfakult\u00e1s\u00e1n \u00e9retts\u00e9gizett (1955), Buk.-ben a \u015etefan Gheorghiu Akad. Filoz\u00f3fia kar\u00e1n szerzett oklevelet (1968\u201372). Szentkeresztb\u00e1ny\u00e1n a Vas\u00fczemben elektrotechnikus (1948\u201351); Buk.-ben az RMSz \/ El\u0151re napilap munkat\u00e1rsa (1951\u201358). [&hellip;]<\/p>\n","protected":false},"featured_media":0,"comment_status":"open","ping_status":"closed","template":"","meta":[],"product_brand":[],"product_cat":[137],"product_tag":[],"class_list":{"0":"post-23479","1":"product","2":"type-product","3":"status-publish","5":"product_cat-maros-megyei-eletrajzi-lexikon","7":"first","8":"instock","9":"shipping-taxable","10":"product-type-simple"},"_links":{"self":[{"href":"https:\/\/uj.adatbank.ro\/lexikon\/wp-json\/wp\/v2\/product\/23479","targetHints":{"allow":["GET"]}}],"collection":[{"href":"https:\/\/uj.adatbank.ro\/lexikon\/wp-json\/wp\/v2\/product"}],"about":[{"href":"https:\/\/uj.adatbank.ro\/lexikon\/wp-json\/wp\/v2\/types\/product"}],"replies":[{"embeddable":true,"href":"https:\/\/uj.adatbank.ro\/lexikon\/wp-json\/wp\/v2\/comments?post=23479"}],"wp:attachment":[{"href":"https:\/\/uj.adatbank.ro\/lexikon\/wp-json\/wp\/v2\/media?parent=23479"}],"wp:term":[{"taxonomy":"product_brand","embeddable":true,"href":"https:\/\/uj.adatbank.ro\/lexikon\/wp-json\/wp\/v2\/product_brand?post=23479"},{"taxonomy":"product_cat","embeddable":true,"href":"https:\/\/uj.adatbank.ro\/lexikon\/wp-json\/wp\/v2\/product_cat?post=23479"},{"taxonomy":"product_tag","embeddable":true,"href":"https:\/\/uj.adatbank.ro\/lexikon\/wp-json\/wp\/v2\/product_tag?post=23479"}],"curies":[{"name":"wp","href":"https:\/\/api.w.org\/{rel}","templated":true}]}}