{"id":23485,"date":"2025-08-01T17:29:26","date_gmt":"2025-08-01T15:29:26","guid":{"rendered":"https:\/\/uj.adatbank.ro\/lexikon\/termek\/torok-miklos\/"},"modified":"2026-02-18T15:14:01","modified_gmt":"2026-02-18T14:14:01","slug":"torok-miklos","status":"publish","type":"product","link":"https:\/\/uj.adatbank.ro\/lexikon\/termek\/torok-miklos\/","title":{"rendered":"T\u00d6R\u00d6K Mikl\u00f3s"},"content":{"rendered":"<p>Kissolymos, 1889., \u2020 ?: Iskol\u00e1i elv\u00e9gz\u00e9se ut\u00e1n gazdas\u00e1gi szakiskol\u00e1ban folytatta tanulm\u00e1nyait, \u00f6n\u00e1ll\u00f3 lett (1912) B\u00f6z\u00f6d\u00fajfaluban. Az els\u0151 vh.-ban a 82. Sz\u00e9kelyezredben harcolt. Volt a rom\u00e1n \u00e9s olasz fronton, megsebes\u00fclt, mint rokkant szerelt le. Kit\u00fcntett\u00e9k a bronz vit. \u00e9.-mel \u00e9s a K\u00e1roly Csapatkereszttel.<br \/>\n<strong>\u2013 Irod.:<\/strong> Sz\u00e9kelyf\u00f6ld \u00ed. k.<\/p>\n","protected":false},"excerpt":{"rendered":"<p>Kissolymos, 1889., \u2020 ?: Iskol\u00e1i elv\u00e9gz\u00e9se ut\u00e1n gazdas\u00e1gi szakiskol\u00e1ban folytatta tanulm\u00e1nyait, \u00f6n\u00e1ll\u00f3 lett (1912) B\u00f6z\u00f6d\u00fajfaluban. Az els\u0151 vh.-ban a 82. Sz\u00e9kelyezredben harcolt. Volt a rom\u00e1n \u00e9s olasz fronton, megsebes\u00fclt, mint rokkant szerelt le. Kit\u00fcntett\u00e9k a bronz vit. \u00e9.-mel \u00e9s a K\u00e1roly Csapatkereszttel. \u2013 Irod.: Sz\u00e9kelyf\u00f6ld \u00ed. k.<\/p>\n","protected":false},"featured_media":0,"comment_status":"open","ping_status":"closed","template":"","meta":[],"product_brand":[],"product_cat":[137],"product_tag":[],"class_list":{"0":"post-23485","1":"product","2":"type-product","3":"status-publish","5":"product_cat-maros-megyei-eletrajzi-lexikon","7":"first","8":"instock","9":"shipping-taxable","10":"product-type-simple"},"_links":{"self":[{"href":"https:\/\/uj.adatbank.ro\/lexikon\/wp-json\/wp\/v2\/product\/23485","targetHints":{"allow":["GET"]}}],"collection":[{"href":"https:\/\/uj.adatbank.ro\/lexikon\/wp-json\/wp\/v2\/product"}],"about":[{"href":"https:\/\/uj.adatbank.ro\/lexikon\/wp-json\/wp\/v2\/types\/product"}],"replies":[{"embeddable":true,"href":"https:\/\/uj.adatbank.ro\/lexikon\/wp-json\/wp\/v2\/comments?post=23485"}],"wp:attachment":[{"href":"https:\/\/uj.adatbank.ro\/lexikon\/wp-json\/wp\/v2\/media?parent=23485"}],"wp:term":[{"taxonomy":"product_brand","embeddable":true,"href":"https:\/\/uj.adatbank.ro\/lexikon\/wp-json\/wp\/v2\/product_brand?post=23485"},{"taxonomy":"product_cat","embeddable":true,"href":"https:\/\/uj.adatbank.ro\/lexikon\/wp-json\/wp\/v2\/product_cat?post=23485"},{"taxonomy":"product_tag","embeddable":true,"href":"https:\/\/uj.adatbank.ro\/lexikon\/wp-json\/wp\/v2\/product_tag?post=23485"}],"curies":[{"name":"wp","href":"https:\/\/api.w.org\/{rel}","templated":true}]}}