{"id":23487,"date":"2025-08-01T17:29:30","date_gmt":"2025-08-01T15:29:30","guid":{"rendered":"https:\/\/uj.adatbank.ro\/lexikon\/termek\/torok-nagy-erzsebet\/"},"modified":"2025-08-01T17:29:30","modified_gmt":"2025-08-01T15:29:30","slug":"torok-nagy-erzsebet","status":"publish","type":"product","link":"https:\/\/uj.adatbank.ro\/lexikon\/termek\/torok-nagy-erzsebet\/","title":{"rendered":"T\u00d6R\u00d6K NAGY Erzs\u00e9bet"},"content":{"rendered":"<p>Kv., 1921. j\u00fan. 7. \u2020 Mv., 2000. dec. 4.: f\u0151orvos, b\u0151rgy\u00f3gy\u00e1sz. \u2013 Az orvosi egyetemet Kv.-on v\u00e9gezte (1944). P\u00e1ly\u00e1j\u00e1t Kv.-on kezdte, majd Mv.-en az OGYI-n tan\u00e1rseg\u00e9d. B\u0151rgy\u00f3gy\u00e1szati, iskolaeg\u00e9szs\u00e9gtani \u00e9s t\u00f6rv\u00e9nysz\u00e9ki orvostani szakvizsg\u00e1t tett. Ludason a Poliklinik\u00e1n dolgozott. Nyugd\u00edjaz\u00e1sa ut\u00e1n a mv.-i fizet\u00e9ses poliklinik\u00e1n rendelt. <br \/><strong>\u2013 Irod.:<\/strong> Komj\u00e1tszegi; RMKK (97. f\u00fcggel\u00e9k).<\/br><\/p>\n","protected":false},"excerpt":{"rendered":"<p>Kv., 1921. j\u00fan. 7. \u2020 Mv., 2000. dec. 4.: f\u0151orvos, b\u0151rgy\u00f3gy\u00e1sz. \u2013 Az orvosi egyetemet Kv.-on v\u00e9gezte (1944). P\u00e1ly\u00e1j\u00e1t Kv.-on kezdte, majd Mv.-en az OGYI-n tan\u00e1rseg\u00e9d. B\u0151rgy\u00f3gy\u00e1szati, iskolaeg\u00e9szs\u00e9gtani \u00e9s t\u00f6rv\u00e9nysz\u00e9ki orvostani szakvizsg\u00e1t tett. Ludason a Poliklinik\u00e1n dolgozott. Nyugd\u00edjaz\u00e1sa ut\u00e1n a mv.-i fizet\u00e9ses poliklinik\u00e1n rendelt. \u2013 Irod.: Komj\u00e1tszegi; RMKK (97. f\u00fcggel\u00e9k).<\/p>\n","protected":false},"featured_media":0,"comment_status":"open","ping_status":"closed","template":"","meta":[],"product_brand":[],"product_cat":[137],"product_tag":[],"class_list":{"0":"post-23487","1":"product","2":"type-product","3":"status-publish","5":"product_cat-maros-megyei-eletrajzi-lexikon","7":"first","8":"instock","9":"shipping-taxable","10":"product-type-simple"},"_links":{"self":[{"href":"https:\/\/uj.adatbank.ro\/lexikon\/wp-json\/wp\/v2\/product\/23487","targetHints":{"allow":["GET"]}}],"collection":[{"href":"https:\/\/uj.adatbank.ro\/lexikon\/wp-json\/wp\/v2\/product"}],"about":[{"href":"https:\/\/uj.adatbank.ro\/lexikon\/wp-json\/wp\/v2\/types\/product"}],"replies":[{"embeddable":true,"href":"https:\/\/uj.adatbank.ro\/lexikon\/wp-json\/wp\/v2\/comments?post=23487"}],"wp:attachment":[{"href":"https:\/\/uj.adatbank.ro\/lexikon\/wp-json\/wp\/v2\/media?parent=23487"}],"wp:term":[{"taxonomy":"product_brand","embeddable":true,"href":"https:\/\/uj.adatbank.ro\/lexikon\/wp-json\/wp\/v2\/product_brand?post=23487"},{"taxonomy":"product_cat","embeddable":true,"href":"https:\/\/uj.adatbank.ro\/lexikon\/wp-json\/wp\/v2\/product_cat?post=23487"},{"taxonomy":"product_tag","embeddable":true,"href":"https:\/\/uj.adatbank.ro\/lexikon\/wp-json\/wp\/v2\/product_tag?post=23487"}],"curies":[{"name":"wp","href":"https:\/\/api.w.org\/{rel}","templated":true}]}}