{"id":23491,"date":"2025-08-01T17:29:40","date_gmt":"2025-08-01T15:29:40","guid":{"rendered":"https:\/\/uj.adatbank.ro\/lexikon\/termek\/torok-peter-kelemen-p\/"},"modified":"2025-08-01T17:29:40","modified_gmt":"2025-08-01T15:29:40","slug":"torok-peter-kelemen-p","status":"publish","type":"product","link":"https:\/\/uj.adatbank.ro\/lexikon\/termek\/torok-peter-kelemen-p\/","title":{"rendered":"T\u00d6R\u00d6K P\u00e9ter Kelemen, P."},"content":{"rendered":"<p>Gyergy\u00f3szentmikl\u00f3s, 1749., \u2020 Marosszentgy\u00f6rgy, 1811. jan. 24.: ferences szerzetes, lelk\u00e9sz. \u2013 Be\u00f6lt\u00f6z\u00f6tt (1767. j\u00fan. 21.), felszentelt\u00e9k (1772. m\u00e1rc. 19.). Lelk\u00e9sz volt Marosszentgy\u00f6rgy\u00f6n. <br \/><strong>\u2013 Irod.:<\/strong> Gy\u00f6rgy: A ferencrendiek.<\/br><\/p>\n","protected":false},"excerpt":{"rendered":"<p>Gyergy\u00f3szentmikl\u00f3s, 1749., \u2020 Marosszentgy\u00f6rgy, 1811. jan. 24.: ferences szerzetes, lelk\u00e9sz. \u2013 Be\u00f6lt\u00f6z\u00f6tt (1767. j\u00fan. 21.), felszentelt\u00e9k (1772. m\u00e1rc. 19.). Lelk\u00e9sz volt Marosszentgy\u00f6rgy\u00f6n. \u2013 Irod.: Gy\u00f6rgy: A ferencrendiek.<\/p>\n","protected":false},"featured_media":0,"comment_status":"open","ping_status":"closed","template":"","meta":[],"product_brand":[],"product_cat":[137],"product_tag":[],"class_list":{"0":"post-23491","1":"product","2":"type-product","3":"status-publish","5":"product_cat-maros-megyei-eletrajzi-lexikon","7":"first","8":"instock","9":"shipping-taxable","10":"product-type-simple"},"_links":{"self":[{"href":"https:\/\/uj.adatbank.ro\/lexikon\/wp-json\/wp\/v2\/product\/23491","targetHints":{"allow":["GET"]}}],"collection":[{"href":"https:\/\/uj.adatbank.ro\/lexikon\/wp-json\/wp\/v2\/product"}],"about":[{"href":"https:\/\/uj.adatbank.ro\/lexikon\/wp-json\/wp\/v2\/types\/product"}],"replies":[{"embeddable":true,"href":"https:\/\/uj.adatbank.ro\/lexikon\/wp-json\/wp\/v2\/comments?post=23491"}],"wp:attachment":[{"href":"https:\/\/uj.adatbank.ro\/lexikon\/wp-json\/wp\/v2\/media?parent=23491"}],"wp:term":[{"taxonomy":"product_brand","embeddable":true,"href":"https:\/\/uj.adatbank.ro\/lexikon\/wp-json\/wp\/v2\/product_brand?post=23491"},{"taxonomy":"product_cat","embeddable":true,"href":"https:\/\/uj.adatbank.ro\/lexikon\/wp-json\/wp\/v2\/product_cat?post=23491"},{"taxonomy":"product_tag","embeddable":true,"href":"https:\/\/uj.adatbank.ro\/lexikon\/wp-json\/wp\/v2\/product_tag?post=23491"}],"curies":[{"name":"wp","href":"https:\/\/api.w.org\/{rel}","templated":true}]}}