{"id":23492,"date":"2025-08-01T17:29:42","date_gmt":"2025-08-01T15:29:42","guid":{"rendered":"https:\/\/uj.adatbank.ro\/lexikon\/termek\/torok-rozalia\/"},"modified":"2025-08-01T17:29:42","modified_gmt":"2025-08-01T15:29:42","slug":"torok-rozalia","status":"publish","type":"product","link":"https:\/\/uj.adatbank.ro\/lexikon\/termek\/torok-rozalia\/","title":{"rendered":"T\u00d6R\u00d6K Roz\u00e1lia"},"content":{"rendered":"<p>Maroskereszt\u00far, 1918. \u00e1pr. 14.\u2020 ?: varr\u00f3n\u0151. \u2013 Mint Jehova-tan\u00fa \u00e1llt a MAT Katonai \u00dcgy\u00e9szs\u00e9ge el\u0151tt, a F\u00fcl\u00f6p Lajos-Lajos-f\u00e9le jehovista csoport tagja. <br \/><strong>\u2013 Irod.:<\/strong> 1956 Erd\u00e9lyben.<\/br><\/p>\n","protected":false},"excerpt":{"rendered":"<p>Maroskereszt\u00far, 1918. \u00e1pr. 14.\u2020 ?: varr\u00f3n\u0151. \u2013 Mint Jehova-tan\u00fa \u00e1llt a MAT Katonai \u00dcgy\u00e9szs\u00e9ge el\u0151tt, a F\u00fcl\u00f6p Lajos-Lajos-f\u00e9le jehovista csoport tagja. \u2013 Irod.: 1956 Erd\u00e9lyben.<\/p>\n","protected":false},"featured_media":0,"comment_status":"open","ping_status":"closed","template":"","meta":[],"product_brand":[],"product_cat":[137],"product_tag":[],"class_list":{"0":"post-23492","1":"product","2":"type-product","3":"status-publish","5":"product_cat-maros-megyei-eletrajzi-lexikon","7":"first","8":"instock","9":"shipping-taxable","10":"product-type-simple"},"_links":{"self":[{"href":"https:\/\/uj.adatbank.ro\/lexikon\/wp-json\/wp\/v2\/product\/23492","targetHints":{"allow":["GET"]}}],"collection":[{"href":"https:\/\/uj.adatbank.ro\/lexikon\/wp-json\/wp\/v2\/product"}],"about":[{"href":"https:\/\/uj.adatbank.ro\/lexikon\/wp-json\/wp\/v2\/types\/product"}],"replies":[{"embeddable":true,"href":"https:\/\/uj.adatbank.ro\/lexikon\/wp-json\/wp\/v2\/comments?post=23492"}],"wp:attachment":[{"href":"https:\/\/uj.adatbank.ro\/lexikon\/wp-json\/wp\/v2\/media?parent=23492"}],"wp:term":[{"taxonomy":"product_brand","embeddable":true,"href":"https:\/\/uj.adatbank.ro\/lexikon\/wp-json\/wp\/v2\/product_brand?post=23492"},{"taxonomy":"product_cat","embeddable":true,"href":"https:\/\/uj.adatbank.ro\/lexikon\/wp-json\/wp\/v2\/product_cat?post=23492"},{"taxonomy":"product_tag","embeddable":true,"href":"https:\/\/uj.adatbank.ro\/lexikon\/wp-json\/wp\/v2\/product_tag?post=23492"}],"curies":[{"name":"wp","href":"https:\/\/api.w.org\/{rel}","templated":true}]}}