{"id":23494,"date":"2025-08-01T17:29:48","date_gmt":"2025-08-01T15:29:48","guid":{"rendered":"https:\/\/uj.adatbank.ro\/lexikon\/termek\/torok-szabo-jozsef\/"},"modified":"2025-08-01T17:29:48","modified_gmt":"2025-08-01T15:29:48","slug":"torok-szabo-jozsef","status":"publish","type":"product","link":"https:\/\/uj.adatbank.ro\/lexikon\/termek\/torok-szabo-jozsef\/","title":{"rendered":"T\u00d6R\u00d6K SZAB\u00d3 J\u00f3zsef"},"content":{"rendered":"<p>? \u2020 ?: rendez\u0151. \u2013 A mv.-i \u00c1llami Sz\u00e9kely Sz\u00ednh\u00e1zban rendezett m. v. (1955\u2013). Moszkv\u00e1t is megj\u00e1rta (1955\u2013) \u2013 <strong>F. r.:<\/strong> Csehov: A medve (1955); Csehov: H\u00e1zt\u0171zn\u00e9z\u0151; Arbuzov, A.: M\u00e1sodik szerelem (1955). <br \/><strong>\u2013 Irod.:<\/strong> Horv\u00e1th Bea; K\u00e1ntor\u2013K\u00f6t\u0151; Kov\u00e1cs Levente.<\/br><\/p>\n","protected":false},"excerpt":{"rendered":"<p>? \u2020 ?: rendez\u0151. \u2013 A mv.-i \u00c1llami Sz\u00e9kely Sz\u00ednh\u00e1zban rendezett m. v. (1955\u2013). Moszkv\u00e1t is megj\u00e1rta (1955\u2013) \u2013 F. r.: Csehov: A medve (1955); Csehov: H\u00e1zt\u0171zn\u00e9z\u0151; Arbuzov, A.: M\u00e1sodik szerelem (1955). \u2013 Irod.: Horv\u00e1th Bea; K\u00e1ntor\u2013K\u00f6t\u0151; Kov\u00e1cs Levente.<\/p>\n","protected":false},"featured_media":0,"comment_status":"open","ping_status":"closed","template":"","meta":[],"product_brand":[],"product_cat":[137],"product_tag":[],"class_list":{"0":"post-23494","1":"product","2":"type-product","3":"status-publish","5":"product_cat-maros-megyei-eletrajzi-lexikon","7":"first","8":"instock","9":"shipping-taxable","10":"product-type-simple"},"_links":{"self":[{"href":"https:\/\/uj.adatbank.ro\/lexikon\/wp-json\/wp\/v2\/product\/23494","targetHints":{"allow":["GET"]}}],"collection":[{"href":"https:\/\/uj.adatbank.ro\/lexikon\/wp-json\/wp\/v2\/product"}],"about":[{"href":"https:\/\/uj.adatbank.ro\/lexikon\/wp-json\/wp\/v2\/types\/product"}],"replies":[{"embeddable":true,"href":"https:\/\/uj.adatbank.ro\/lexikon\/wp-json\/wp\/v2\/comments?post=23494"}],"wp:attachment":[{"href":"https:\/\/uj.adatbank.ro\/lexikon\/wp-json\/wp\/v2\/media?parent=23494"}],"wp:term":[{"taxonomy":"product_brand","embeddable":true,"href":"https:\/\/uj.adatbank.ro\/lexikon\/wp-json\/wp\/v2\/product_brand?post=23494"},{"taxonomy":"product_cat","embeddable":true,"href":"https:\/\/uj.adatbank.ro\/lexikon\/wp-json\/wp\/v2\/product_cat?post=23494"},{"taxonomy":"product_tag","embeddable":true,"href":"https:\/\/uj.adatbank.ro\/lexikon\/wp-json\/wp\/v2\/product_tag?post=23494"}],"curies":[{"name":"wp","href":"https:\/\/api.w.org\/{rel}","templated":true}]}}