{"id":23495,"date":"2025-08-01T17:29:51","date_gmt":"2025-08-01T15:29:51","guid":{"rendered":"https:\/\/uj.adatbank.ro\/lexikon\/termek\/torok-terez\/"},"modified":"2025-08-01T17:29:51","modified_gmt":"2025-08-01T15:29:51","slug":"torok-terez","status":"publish","type":"product","link":"https:\/\/uj.adatbank.ro\/lexikon\/termek\/torok-terez\/","title":{"rendered":"T\u00d6R\u00d6K Ter\u00e9z"},"content":{"rendered":"<p>Sz\u00e9kelyhodos, 1932. okt. 13. \u2020 ?: orvos. \u2013 A csal\u00e1dja: apja f\u00f6ldm\u0171ves, anyja varr\u00f3n\u0151, hat gyermek\u00fck: n\u00e9gy fi\u00fa \u00e9s k\u00e9t l\u00e1ny. \u2013 F\u00e9rje dr. Szab\u00f3 S\u00e1ndor (1932\u20131977), kor\u00e1n meghalt \u00e9s \u00e9desanyja, annak n\u00e9nje \u00e9s k\u00e9t gyermek maradt a feles\u00e9g\u00e9re. \u2013 Az elemi iskol\u00e1t Sz\u00e9kelyhodoson, a gimn\u00e1ziumot Maros\u00fajv\u00e1ron \u00e9s Ny\u00e1r\u00e1dremet\u00e9n v\u00e9gezte. A mv.-i Orvosi Iskolai K\u00f6zpont v\u00e9d\u0151n\u0151i szak\u00e1n tanult \u00e9s \u00e9rdemdiplom\u00e1val v\u00e9gzett, \u00e9s \u00edgy felv\u00e9teli n\u00e9lk\u00fcl beiratkozhatott az orvosira (1953). Tanulm\u00e1nyi csoportfelel\u0151s hat \u00e9ven \u00e1t. Az udvarhelyi k\u00f3rh\u00e1zban m\u0171k\u00f6d\u00f6tt. F\u00e9rj\u00e9vel Marosludason folytatta tev\u00e9kenys\u00e9g\u00e9t a gyermekgy\u00f3gy\u00e1szati oszt\u00e1lyon nyugd\u00edjaz\u00e1s\u00e1ig (1992), tov\u00e1bb is akt\u00edvan \u00e9l: g\u00e1rd\u00e1zik, helyettes\u00edt, nyugd\u00edjasokat vizsg\u00e1l. <br \/><strong>\u2013 Irod.:<\/strong> Nagy L.<\/br><\/p>\n","protected":false},"excerpt":{"rendered":"<p>Sz\u00e9kelyhodos, 1932. okt. 13. \u2020 ?: orvos. \u2013 A csal\u00e1dja: apja f\u00f6ldm\u0171ves, anyja varr\u00f3n\u0151, hat gyermek\u00fck: n\u00e9gy fi\u00fa \u00e9s k\u00e9t l\u00e1ny. \u2013 F\u00e9rje dr. Szab\u00f3 S\u00e1ndor (1932\u20131977), kor\u00e1n meghalt \u00e9s \u00e9desanyja, annak n\u00e9nje \u00e9s k\u00e9t gyermek maradt a feles\u00e9g\u00e9re. \u2013 Az elemi iskol\u00e1t Sz\u00e9kelyhodoson, a gimn\u00e1ziumot Maros\u00fajv\u00e1ron \u00e9s Ny\u00e1r\u00e1dremet\u00e9n v\u00e9gezte. A mv.-i Orvosi Iskolai K\u00f6zpont [&hellip;]<\/p>\n","protected":false},"featured_media":0,"comment_status":"open","ping_status":"closed","template":"","meta":[],"product_brand":[],"product_cat":[137],"product_tag":[],"class_list":{"0":"post-23495","1":"product","2":"type-product","3":"status-publish","5":"product_cat-maros-megyei-eletrajzi-lexikon","7":"first","8":"instock","9":"shipping-taxable","10":"product-type-simple"},"_links":{"self":[{"href":"https:\/\/uj.adatbank.ro\/lexikon\/wp-json\/wp\/v2\/product\/23495","targetHints":{"allow":["GET"]}}],"collection":[{"href":"https:\/\/uj.adatbank.ro\/lexikon\/wp-json\/wp\/v2\/product"}],"about":[{"href":"https:\/\/uj.adatbank.ro\/lexikon\/wp-json\/wp\/v2\/types\/product"}],"replies":[{"embeddable":true,"href":"https:\/\/uj.adatbank.ro\/lexikon\/wp-json\/wp\/v2\/comments?post=23495"}],"wp:attachment":[{"href":"https:\/\/uj.adatbank.ro\/lexikon\/wp-json\/wp\/v2\/media?parent=23495"}],"wp:term":[{"taxonomy":"product_brand","embeddable":true,"href":"https:\/\/uj.adatbank.ro\/lexikon\/wp-json\/wp\/v2\/product_brand?post=23495"},{"taxonomy":"product_cat","embeddable":true,"href":"https:\/\/uj.adatbank.ro\/lexikon\/wp-json\/wp\/v2\/product_cat?post=23495"},{"taxonomy":"product_tag","embeddable":true,"href":"https:\/\/uj.adatbank.ro\/lexikon\/wp-json\/wp\/v2\/product_tag?post=23495"}],"curies":[{"name":"wp","href":"https:\/\/api.w.org\/{rel}","templated":true}]}}