{"id":23497,"date":"2025-08-01T17:29:59","date_gmt":"2025-08-01T15:29:59","guid":{"rendered":"https:\/\/uj.adatbank.ro\/lexikon\/termek\/torok-vince\/"},"modified":"2025-08-01T17:29:59","modified_gmt":"2025-08-01T15:29:59","slug":"torok-vince","status":"publish","type":"product","link":"https:\/\/uj.adatbank.ro\/lexikon\/termek\/torok-vince\/","title":{"rendered":"T\u00d6R\u00d6K Vince"},"content":{"rendered":"<p>Halm\u00e1gy, 1914. jan. 24., \u2020 ?: tan\u00edt\u00f3. \u2013 Marosszentgy\u00f6rgy\u00f6n tan\u00edtott a ref. egyh\u00e1zi iskol\u00e1ban (1936\u201340). <br \/><strong>\u2013 Irod.:<\/strong> S\u00e2ngeorgiu de Mure\u015f \u2013 \u015ecoala.<\/br><\/p>\n","protected":false},"excerpt":{"rendered":"<p>Halm\u00e1gy, 1914. jan. 24., \u2020 ?: tan\u00edt\u00f3. \u2013 Marosszentgy\u00f6rgy\u00f6n tan\u00edtott a ref. egyh\u00e1zi iskol\u00e1ban (1936\u201340). \u2013 Irod.: S\u00e2ngeorgiu de Mure\u015f \u2013 \u015ecoala.<\/p>\n","protected":false},"featured_media":0,"comment_status":"open","ping_status":"closed","template":"","meta":[],"product_brand":[],"product_cat":[137],"product_tag":[],"class_list":{"0":"post-23497","1":"product","2":"type-product","3":"status-publish","5":"product_cat-maros-megyei-eletrajzi-lexikon","7":"first","8":"instock","9":"shipping-taxable","10":"product-type-simple"},"_links":{"self":[{"href":"https:\/\/uj.adatbank.ro\/lexikon\/wp-json\/wp\/v2\/product\/23497","targetHints":{"allow":["GET"]}}],"collection":[{"href":"https:\/\/uj.adatbank.ro\/lexikon\/wp-json\/wp\/v2\/product"}],"about":[{"href":"https:\/\/uj.adatbank.ro\/lexikon\/wp-json\/wp\/v2\/types\/product"}],"replies":[{"embeddable":true,"href":"https:\/\/uj.adatbank.ro\/lexikon\/wp-json\/wp\/v2\/comments?post=23497"}],"wp:attachment":[{"href":"https:\/\/uj.adatbank.ro\/lexikon\/wp-json\/wp\/v2\/media?parent=23497"}],"wp:term":[{"taxonomy":"product_brand","embeddable":true,"href":"https:\/\/uj.adatbank.ro\/lexikon\/wp-json\/wp\/v2\/product_brand?post=23497"},{"taxonomy":"product_cat","embeddable":true,"href":"https:\/\/uj.adatbank.ro\/lexikon\/wp-json\/wp\/v2\/product_cat?post=23497"},{"taxonomy":"product_tag","embeddable":true,"href":"https:\/\/uj.adatbank.ro\/lexikon\/wp-json\/wp\/v2\/product_tag?post=23497"}],"curies":[{"name":"wp","href":"https:\/\/api.w.org\/{rel}","templated":true}]}}