{"id":23499,"date":"2025-08-01T17:30:04","date_gmt":"2025-08-01T15:30:04","guid":{"rendered":"https:\/\/uj.adatbank.ro\/lexikon\/termek\/torotzkay-kovacs-mate\/"},"modified":"2025-08-01T17:30:04","modified_gmt":"2025-08-01T15:30:04","slug":"torotzkay-kovacs-mate","status":"publish","type":"product","link":"https:\/\/uj.adatbank.ro\/lexikon\/termek\/torotzkay-kovacs-mate\/","title":{"rendered":"TOROTZKAY (Kov\u00e1cs) M\u00e1t\u00e9"},"content":{"rendered":"<p>V\u00e1rfalva, ? \u2020 1616.: lelk\u00e9sz. \u2013 Torock\u00f3r\u00f3l sz\u00e1rmazott. A kv.-i unit\u00e1rius iskol\u00e1ban tanult. Lelk\u00e9szk\u00e9nt dolgozott t\u00f6bb v\u00e1rosban: Kv.-on (1597\u2013), Mv., Udvarhely, Torda, G\u00f6cs; K\u00fck\u00fcll\u0151v\u00e1r pr\u00e9dik\u00e1tora. Unit\u00e1rius p\u00fcsp\u00f6k (1601). P\u00e1l lelk\u00e9sszel elbujdostak Busta \u00fcld\u00f6z\u00e9se el\u0151l. Ekkor \u00edrta meg szem\u00e9lyes jelleg\u0171 zsolt\u00e1r\u00e1t a 88. zsolt\u00e1r parafr\u00e1zis\u00e1t. <br \/><strong>\u2013 Irod.:<\/strong> Kelemen Lajos 2006; T\u00f3th Istv\u00e1n.<\/br><\/p>\n","protected":false},"excerpt":{"rendered":"<p>V\u00e1rfalva, ? \u2020 1616.: lelk\u00e9sz. \u2013 Torock\u00f3r\u00f3l sz\u00e1rmazott. A kv.-i unit\u00e1rius iskol\u00e1ban tanult. Lelk\u00e9szk\u00e9nt dolgozott t\u00f6bb v\u00e1rosban: Kv.-on (1597\u2013), Mv., Udvarhely, Torda, G\u00f6cs; K\u00fck\u00fcll\u0151v\u00e1r pr\u00e9dik\u00e1tora. Unit\u00e1rius p\u00fcsp\u00f6k (1601). P\u00e1l lelk\u00e9sszel elbujdostak Busta \u00fcld\u00f6z\u00e9se el\u0151l. Ekkor \u00edrta meg szem\u00e9lyes jelleg\u0171 zsolt\u00e1r\u00e1t a 88. zsolt\u00e1r parafr\u00e1zis\u00e1t. \u2013 Irod.: Kelemen Lajos 2006; T\u00f3th Istv\u00e1n.<\/p>\n","protected":false},"featured_media":0,"comment_status":"open","ping_status":"closed","template":"","meta":[],"product_brand":[],"product_cat":[137],"product_tag":[],"class_list":{"0":"post-23499","1":"product","2":"type-product","3":"status-publish","5":"product_cat-maros-megyei-eletrajzi-lexikon","7":"first","8":"instock","9":"shipping-taxable","10":"product-type-simple"},"_links":{"self":[{"href":"https:\/\/uj.adatbank.ro\/lexikon\/wp-json\/wp\/v2\/product\/23499","targetHints":{"allow":["GET"]}}],"collection":[{"href":"https:\/\/uj.adatbank.ro\/lexikon\/wp-json\/wp\/v2\/product"}],"about":[{"href":"https:\/\/uj.adatbank.ro\/lexikon\/wp-json\/wp\/v2\/types\/product"}],"replies":[{"embeddable":true,"href":"https:\/\/uj.adatbank.ro\/lexikon\/wp-json\/wp\/v2\/comments?post=23499"}],"wp:attachment":[{"href":"https:\/\/uj.adatbank.ro\/lexikon\/wp-json\/wp\/v2\/media?parent=23499"}],"wp:term":[{"taxonomy":"product_brand","embeddable":true,"href":"https:\/\/uj.adatbank.ro\/lexikon\/wp-json\/wp\/v2\/product_brand?post=23499"},{"taxonomy":"product_cat","embeddable":true,"href":"https:\/\/uj.adatbank.ro\/lexikon\/wp-json\/wp\/v2\/product_cat?post=23499"},{"taxonomy":"product_tag","embeddable":true,"href":"https:\/\/uj.adatbank.ro\/lexikon\/wp-json\/wp\/v2\/product_tag?post=23499"}],"curies":[{"name":"wp","href":"https:\/\/api.w.org\/{rel}","templated":true}]}}