{"id":23500,"date":"2025-08-01T17:30:07","date_gmt":"2025-08-01T15:30:07","guid":{"rendered":"https:\/\/uj.adatbank.ro\/lexikon\/termek\/torpenyi-janos\/"},"modified":"2025-08-01T17:30:07","modified_gmt":"2025-08-01T15:30:07","slug":"torpenyi-janos","status":"publish","type":"product","link":"https:\/\/uj.adatbank.ro\/lexikon\/termek\/torpenyi-janos\/","title":{"rendered":"T\u00d6RP\u00c9NYI J\u00e1nos"},"content":{"rendered":"<p>? \u2020 ?: keresked\u0151. \u2013 Feles\u00e9ge: Petelei Katalin. Gyermekeik: Andor, J\u00e1nos, Istv\u00e1n. \u2013 Mv-i Keresked\u0151 T\u00e1rsulat eln\u00f6ke (1887). <br \/><strong>\u2013 Irod.:<\/strong> Bod\u00f3 \u00c1gnes: \u201e\u00c9l\u0151 eml\u00e9kezet\u201d: \u00d6rm\u00e9ny sz\u00e1rmaz\u00e1s\u00fa csal\u00e1dok Mv.-en 2. (Erd\u00e9lyi \u00d6rm\u00e9ny Gy\u00f6kerek, 2015. nov.\u2013dec., 220 sz.); Id\u0151t\u00e1r 2.<\/br><\/p>\n","protected":false},"excerpt":{"rendered":"<p>? \u2020 ?: keresked\u0151. \u2013 Feles\u00e9ge: Petelei Katalin. Gyermekeik: Andor, J\u00e1nos, Istv\u00e1n. \u2013 Mv-i Keresked\u0151 T\u00e1rsulat eln\u00f6ke (1887). \u2013 Irod.: Bod\u00f3 \u00c1gnes: \u201e\u00c9l\u0151 eml\u00e9kezet\u201d: \u00d6rm\u00e9ny sz\u00e1rmaz\u00e1s\u00fa csal\u00e1dok Mv.-en 2. (Erd\u00e9lyi \u00d6rm\u00e9ny Gy\u00f6kerek, 2015. nov.\u2013dec., 220 sz.); Id\u0151t\u00e1r 2.<\/p>\n","protected":false},"featured_media":0,"comment_status":"open","ping_status":"closed","template":"","meta":[],"product_brand":[],"product_cat":[137],"product_tag":[],"class_list":{"0":"post-23500","1":"product","2":"type-product","3":"status-publish","5":"product_cat-maros-megyei-eletrajzi-lexikon","7":"first","8":"instock","9":"shipping-taxable","10":"product-type-simple"},"_links":{"self":[{"href":"https:\/\/uj.adatbank.ro\/lexikon\/wp-json\/wp\/v2\/product\/23500","targetHints":{"allow":["GET"]}}],"collection":[{"href":"https:\/\/uj.adatbank.ro\/lexikon\/wp-json\/wp\/v2\/product"}],"about":[{"href":"https:\/\/uj.adatbank.ro\/lexikon\/wp-json\/wp\/v2\/types\/product"}],"replies":[{"embeddable":true,"href":"https:\/\/uj.adatbank.ro\/lexikon\/wp-json\/wp\/v2\/comments?post=23500"}],"wp:attachment":[{"href":"https:\/\/uj.adatbank.ro\/lexikon\/wp-json\/wp\/v2\/media?parent=23500"}],"wp:term":[{"taxonomy":"product_brand","embeddable":true,"href":"https:\/\/uj.adatbank.ro\/lexikon\/wp-json\/wp\/v2\/product_brand?post=23500"},{"taxonomy":"product_cat","embeddable":true,"href":"https:\/\/uj.adatbank.ro\/lexikon\/wp-json\/wp\/v2\/product_cat?post=23500"},{"taxonomy":"product_tag","embeddable":true,"href":"https:\/\/uj.adatbank.ro\/lexikon\/wp-json\/wp\/v2\/product_tag?post=23500"}],"curies":[{"name":"wp","href":"https:\/\/api.w.org\/{rel}","templated":true}]}}