{"id":23501,"date":"2025-08-01T17:30:10","date_gmt":"2025-08-01T15:30:10","guid":{"rendered":"https:\/\/uj.adatbank.ro\/lexikon\/termek\/tos-bozodujfalusi-csalad\/"},"modified":"2025-08-01T17:30:10","modified_gmt":"2025-08-01T15:30:10","slug":"tos-bozodujfalusi-csalad","status":"publish","type":"product","link":"https:\/\/uj.adatbank.ro\/lexikon\/termek\/tos-bozodujfalusi-csalad\/","title":{"rendered":"TOS b\u00f6z\u00f6d\u00fajfalusi csal\u00e1d"},"content":{"rendered":"<p>B\u00f6z\u00f6d\u00fajfaluban van a s\u00edrjuk <br \/><strong>\u2013 Irod.:<\/strong> Costache Florea: Secuii din Rom\u00e2nia (Odorhei, 1939).<\/br><\/p>\n","protected":false},"excerpt":{"rendered":"<p>B\u00f6z\u00f6d\u00fajfaluban van a s\u00edrjuk \u2013 Irod.: Costache Florea: Secuii din Rom\u00e2nia (Odorhei, 1939).<\/p>\n","protected":false},"featured_media":0,"comment_status":"open","ping_status":"closed","template":"","meta":[],"product_brand":[],"product_cat":[137],"product_tag":[],"class_list":{"0":"post-23501","1":"product","2":"type-product","3":"status-publish","5":"product_cat-maros-megyei-eletrajzi-lexikon","7":"first","8":"instock","9":"shipping-taxable","10":"product-type-simple"},"_links":{"self":[{"href":"https:\/\/uj.adatbank.ro\/lexikon\/wp-json\/wp\/v2\/product\/23501","targetHints":{"allow":["GET"]}}],"collection":[{"href":"https:\/\/uj.adatbank.ro\/lexikon\/wp-json\/wp\/v2\/product"}],"about":[{"href":"https:\/\/uj.adatbank.ro\/lexikon\/wp-json\/wp\/v2\/types\/product"}],"replies":[{"embeddable":true,"href":"https:\/\/uj.adatbank.ro\/lexikon\/wp-json\/wp\/v2\/comments?post=23501"}],"wp:attachment":[{"href":"https:\/\/uj.adatbank.ro\/lexikon\/wp-json\/wp\/v2\/media?parent=23501"}],"wp:term":[{"taxonomy":"product_brand","embeddable":true,"href":"https:\/\/uj.adatbank.ro\/lexikon\/wp-json\/wp\/v2\/product_brand?post=23501"},{"taxonomy":"product_cat","embeddable":true,"href":"https:\/\/uj.adatbank.ro\/lexikon\/wp-json\/wp\/v2\/product_cat?post=23501"},{"taxonomy":"product_tag","embeddable":true,"href":"https:\/\/uj.adatbank.ro\/lexikon\/wp-json\/wp\/v2\/product_tag?post=23501"}],"curies":[{"name":"wp","href":"https:\/\/api.w.org\/{rel}","templated":true}]}}