{"id":23504,"date":"2025-08-01T17:30:20","date_gmt":"2025-08-01T15:30:20","guid":{"rendered":"https:\/\/uj.adatbank.ro\/lexikon\/termek\/tot-gyorgy\/"},"modified":"2025-08-01T17:30:20","modified_gmt":"2025-08-01T15:30:20","slug":"tot-gyorgy","status":"publish","type":"product","link":"https:\/\/uj.adatbank.ro\/lexikon\/termek\/tot-gyorgy\/","title":{"rendered":"T\u00d3T Gy\u00f6rgy"},"content":{"rendered":"<p>? \u2020 ?: tan\u00edt\u00f3, ref. lelk\u00e9sz. \u2013 Feles\u00e9ge P\u00e9terfi Borb\u00e1la (\u20201804). \u2013 Mv.-en subscrib\u00e1lt (1765). S\u00e1romberk\u00e9n (1772\u201373) volt mester. A marosv\u00e9csi zsinaton ordin\u00e1lt\u00e1k (1773). G\u00f6rg\u00e9nyszentimr\u00e9n (1773\u201389) \u00e9s Mez\u0151k\u00f6b\u00f6lk\u00faton (1790\u201399) volt lelk\u00e9sz. <br \/><strong>\u2013 Irod.:<\/strong> \u0150sz.<\/br><\/p>\n","protected":false},"excerpt":{"rendered":"<p>? \u2020 ?: tan\u00edt\u00f3, ref. lelk\u00e9sz. \u2013 Feles\u00e9ge P\u00e9terfi Borb\u00e1la (\u20201804). \u2013 Mv.-en subscrib\u00e1lt (1765). S\u00e1romberk\u00e9n (1772\u201373) volt mester. A marosv\u00e9csi zsinaton ordin\u00e1lt\u00e1k (1773). G\u00f6rg\u00e9nyszentimr\u00e9n (1773\u201389) \u00e9s Mez\u0151k\u00f6b\u00f6lk\u00faton (1790\u201399) volt lelk\u00e9sz. \u2013 Irod.: \u0150sz.<\/p>\n","protected":false},"featured_media":0,"comment_status":"open","ping_status":"closed","template":"","meta":[],"product_brand":[],"product_cat":[137],"product_tag":[],"class_list":{"0":"post-23504","1":"product","2":"type-product","3":"status-publish","5":"product_cat-maros-megyei-eletrajzi-lexikon","7":"first","8":"instock","9":"shipping-taxable","10":"product-type-simple"},"_links":{"self":[{"href":"https:\/\/uj.adatbank.ro\/lexikon\/wp-json\/wp\/v2\/product\/23504","targetHints":{"allow":["GET"]}}],"collection":[{"href":"https:\/\/uj.adatbank.ro\/lexikon\/wp-json\/wp\/v2\/product"}],"about":[{"href":"https:\/\/uj.adatbank.ro\/lexikon\/wp-json\/wp\/v2\/types\/product"}],"replies":[{"embeddable":true,"href":"https:\/\/uj.adatbank.ro\/lexikon\/wp-json\/wp\/v2\/comments?post=23504"}],"wp:attachment":[{"href":"https:\/\/uj.adatbank.ro\/lexikon\/wp-json\/wp\/v2\/media?parent=23504"}],"wp:term":[{"taxonomy":"product_brand","embeddable":true,"href":"https:\/\/uj.adatbank.ro\/lexikon\/wp-json\/wp\/v2\/product_brand?post=23504"},{"taxonomy":"product_cat","embeddable":true,"href":"https:\/\/uj.adatbank.ro\/lexikon\/wp-json\/wp\/v2\/product_cat?post=23504"},{"taxonomy":"product_tag","embeddable":true,"href":"https:\/\/uj.adatbank.ro\/lexikon\/wp-json\/wp\/v2\/product_tag?post=23504"}],"curies":[{"name":"wp","href":"https:\/\/api.w.org\/{rel}","templated":true}]}}