{"id":23507,"date":"2025-08-01T17:30:27","date_gmt":"2025-08-01T15:30:27","guid":{"rendered":"https:\/\/uj.adatbank.ro\/lexikon\/termek\/totfalusi-jozsef\/"},"modified":"2025-08-01T17:30:27","modified_gmt":"2025-08-01T15:30:27","slug":"totfalusi-jozsef","status":"publish","type":"product","link":"https:\/\/uj.adatbank.ro\/lexikon\/termek\/totfalusi-jozsef\/","title":{"rendered":"T\u00d3TFALUSI J\u00f3zsef"},"content":{"rendered":"<p>1897., \u2020 Mv., 1957.: ref. lelk\u00e9sz. \u2013 A mv.-i v\u00e1rtemplomi lelk\u00e9sz. Tagja volt a K\u00f6zhaszn\u00fa Takar\u00e9kp\u00e9nzt\u00e1r igazgat\u00f3tan\u00e1cs\u00e1nak. <br \/><strong>\u2013 Irod.:<\/strong> Csekme; Pan\u0103.<\/br><\/p>\n","protected":false},"excerpt":{"rendered":"<p>1897., \u2020 Mv., 1957.: ref. lelk\u00e9sz. \u2013 A mv.-i v\u00e1rtemplomi lelk\u00e9sz. Tagja volt a K\u00f6zhaszn\u00fa Takar\u00e9kp\u00e9nzt\u00e1r igazgat\u00f3tan\u00e1cs\u00e1nak. \u2013 Irod.: Csekme; Pan\u0103.<\/p>\n","protected":false},"featured_media":0,"comment_status":"open","ping_status":"closed","template":"","meta":[],"product_brand":[],"product_cat":[137],"product_tag":[],"class_list":{"0":"post-23507","1":"product","2":"type-product","3":"status-publish","5":"product_cat-maros-megyei-eletrajzi-lexikon","7":"first","8":"instock","9":"shipping-taxable","10":"product-type-simple"},"_links":{"self":[{"href":"https:\/\/uj.adatbank.ro\/lexikon\/wp-json\/wp\/v2\/product\/23507","targetHints":{"allow":["GET"]}}],"collection":[{"href":"https:\/\/uj.adatbank.ro\/lexikon\/wp-json\/wp\/v2\/product"}],"about":[{"href":"https:\/\/uj.adatbank.ro\/lexikon\/wp-json\/wp\/v2\/types\/product"}],"replies":[{"embeddable":true,"href":"https:\/\/uj.adatbank.ro\/lexikon\/wp-json\/wp\/v2\/comments?post=23507"}],"wp:attachment":[{"href":"https:\/\/uj.adatbank.ro\/lexikon\/wp-json\/wp\/v2\/media?parent=23507"}],"wp:term":[{"taxonomy":"product_brand","embeddable":true,"href":"https:\/\/uj.adatbank.ro\/lexikon\/wp-json\/wp\/v2\/product_brand?post=23507"},{"taxonomy":"product_cat","embeddable":true,"href":"https:\/\/uj.adatbank.ro\/lexikon\/wp-json\/wp\/v2\/product_cat?post=23507"},{"taxonomy":"product_tag","embeddable":true,"href":"https:\/\/uj.adatbank.ro\/lexikon\/wp-json\/wp\/v2\/product_tag?post=23507"}],"curies":[{"name":"wp","href":"https:\/\/api.w.org\/{rel}","templated":true}]}}