{"id":23511,"date":"2025-08-01T17:30:38","date_gmt":"2025-08-01T15:30:38","guid":{"rendered":"https:\/\/uj.adatbank.ro\/lexikon\/termek\/totfalusi-szekely-janos\/"},"modified":"2025-08-01T17:30:38","modified_gmt":"2025-08-01T15:30:38","slug":"totfalusi-szekely-janos","status":"publish","type":"product","link":"https:\/\/uj.adatbank.ro\/lexikon\/termek\/totfalusi-szekely-janos\/","title":{"rendered":"T\u00d3TFALUSI SZ\u00c9KELY J\u00e1nos"},"content":{"rendered":"<p>? \u2020 ?: ref. pap. \u2013 A mv.-i kistemplom el\u0151tt ott m\u0171k\u00f6d\u0151 ispot\u00e1ly papja volt 22 esztendeig. Beregsz\u00e1szi S\u00e1muel l\u00e9vita pap \u00edr\u00e1sa szerint (1722) egyik el\u0151dje. <br \/><strong>\u2013 Irod.:<\/strong> Kr\u00f3n. F\u00fcz. (1937\/2).<\/br><\/p>\n","protected":false},"excerpt":{"rendered":"<p>? \u2020 ?: ref. pap. \u2013 A mv.-i kistemplom el\u0151tt ott m\u0171k\u00f6d\u0151 ispot\u00e1ly papja volt 22 esztendeig. Beregsz\u00e1szi S\u00e1muel l\u00e9vita pap \u00edr\u00e1sa szerint (1722) egyik el\u0151dje. \u2013 Irod.: Kr\u00f3n. F\u00fcz. (1937\/2).<\/p>\n","protected":false},"featured_media":0,"comment_status":"open","ping_status":"closed","template":"","meta":[],"product_brand":[],"product_cat":[137],"product_tag":[],"class_list":{"0":"post-23511","1":"product","2":"type-product","3":"status-publish","5":"product_cat-maros-megyei-eletrajzi-lexikon","7":"first","8":"instock","9":"shipping-taxable","10":"product-type-simple"},"_links":{"self":[{"href":"https:\/\/uj.adatbank.ro\/lexikon\/wp-json\/wp\/v2\/product\/23511","targetHints":{"allow":["GET"]}}],"collection":[{"href":"https:\/\/uj.adatbank.ro\/lexikon\/wp-json\/wp\/v2\/product"}],"about":[{"href":"https:\/\/uj.adatbank.ro\/lexikon\/wp-json\/wp\/v2\/types\/product"}],"replies":[{"embeddable":true,"href":"https:\/\/uj.adatbank.ro\/lexikon\/wp-json\/wp\/v2\/comments?post=23511"}],"wp:attachment":[{"href":"https:\/\/uj.adatbank.ro\/lexikon\/wp-json\/wp\/v2\/media?parent=23511"}],"wp:term":[{"taxonomy":"product_brand","embeddable":true,"href":"https:\/\/uj.adatbank.ro\/lexikon\/wp-json\/wp\/v2\/product_brand?post=23511"},{"taxonomy":"product_cat","embeddable":true,"href":"https:\/\/uj.adatbank.ro\/lexikon\/wp-json\/wp\/v2\/product_cat?post=23511"},{"taxonomy":"product_tag","embeddable":true,"href":"https:\/\/uj.adatbank.ro\/lexikon\/wp-json\/wp\/v2\/product_tag?post=23511"}],"curies":[{"name":"wp","href":"https:\/\/api.w.org\/{rel}","templated":true}]}}