{"id":23512,"date":"2025-08-01T17:30:42","date_gmt":"2025-08-01T15:30:42","guid":{"rendered":"https:\/\/uj.adatbank.ro\/lexikon\/termek\/totfalussy-karoly\/"},"modified":"2025-08-01T17:30:42","modified_gmt":"2025-08-01T15:30:42","slug":"totfalussy-karoly","status":"publish","type":"product","link":"https:\/\/uj.adatbank.ro\/lexikon\/termek\/totfalussy-karoly\/","title":{"rendered":"T\u00d3TFALUSSY K\u00e1roly"},"content":{"rendered":"<p>Mv., 1916., \u2020 ?: orvos. \u2013 A mv.-i Sz\u00fcl\u00e9szeti-N\u0151gy\u00f3gy\u00e1szati Klinik\u00e1n dolgozott (1947\u2013). \u2013  <strong>F. m..:<\/strong>  <strong>t\u00e1rssz.:<\/strong> N\u0151gy\u00f3gy\u00e1szati jegyzet (Mv., 1954\u201355). <br \/><strong>\u2013 Irod.:<\/strong> P\u00e9ter; Todea.<\/br><\/p>\n","protected":false},"excerpt":{"rendered":"<p>Mv., 1916., \u2020 ?: orvos. \u2013 A mv.-i Sz\u00fcl\u00e9szeti-N\u0151gy\u00f3gy\u00e1szati Klinik\u00e1n dolgozott (1947\u2013). \u2013 F. m..: t\u00e1rssz.: N\u0151gy\u00f3gy\u00e1szati jegyzet (Mv., 1954\u201355). \u2013 Irod.: P\u00e9ter; Todea.<\/p>\n","protected":false},"featured_media":0,"comment_status":"open","ping_status":"closed","template":"","meta":[],"product_brand":[],"product_cat":[137],"product_tag":[],"class_list":{"0":"post-23512","1":"product","2":"type-product","3":"status-publish","5":"product_cat-maros-megyei-eletrajzi-lexikon","7":"first","8":"instock","9":"shipping-taxable","10":"product-type-simple"},"_links":{"self":[{"href":"https:\/\/uj.adatbank.ro\/lexikon\/wp-json\/wp\/v2\/product\/23512","targetHints":{"allow":["GET"]}}],"collection":[{"href":"https:\/\/uj.adatbank.ro\/lexikon\/wp-json\/wp\/v2\/product"}],"about":[{"href":"https:\/\/uj.adatbank.ro\/lexikon\/wp-json\/wp\/v2\/types\/product"}],"replies":[{"embeddable":true,"href":"https:\/\/uj.adatbank.ro\/lexikon\/wp-json\/wp\/v2\/comments?post=23512"}],"wp:attachment":[{"href":"https:\/\/uj.adatbank.ro\/lexikon\/wp-json\/wp\/v2\/media?parent=23512"}],"wp:term":[{"taxonomy":"product_brand","embeddable":true,"href":"https:\/\/uj.adatbank.ro\/lexikon\/wp-json\/wp\/v2\/product_brand?post=23512"},{"taxonomy":"product_cat","embeddable":true,"href":"https:\/\/uj.adatbank.ro\/lexikon\/wp-json\/wp\/v2\/product_cat?post=23512"},{"taxonomy":"product_tag","embeddable":true,"href":"https:\/\/uj.adatbank.ro\/lexikon\/wp-json\/wp\/v2\/product_tag?post=23512"}],"curies":[{"name":"wp","href":"https:\/\/api.w.org\/{rel}","templated":true}]}}