{"id":23514,"date":"2025-08-01T17:30:45","date_gmt":"2025-08-01T15:30:45","guid":{"rendered":"https:\/\/uj.adatbank.ro\/lexikon\/termek\/toth-2\/"},"modified":"2025-08-01T17:30:45","modified_gmt":"2025-08-01T15:30:45","slug":"toth-2","status":"publish","type":"product","link":"https:\/\/uj.adatbank.ro\/lexikon\/termek\/toth-2\/","title":{"rendered":"T\u00d3TH"},"content":{"rendered":"<p>Jobb\u00e1gyfalvi sz\u00e9kely csal\u00e1d: \u00edr\u00e1sos dokumentumok vannak (1519-b\u0151l). T. Gy\u00f6rgy \u00e9s Bal\u00e1s Jobb\u00e1gyfalv\u00e1r\u00f3l, T. Mih\u00e1ly Marosszentgy\u00f6rgyr\u0151l birtoklev\u00e9lben fordulnak el\u0151 (1580. jan. 29.). T. Istv\u00e1n hadnagy (1635\u201336) \u00e9s Marossz\u00e9k k\u00e9pvisel\u0151je az orsz\u00e1ggy\u0171l\u00e9sen. T. Mih\u00e1ly jobb\u00e1gyokat nyert B\u00e1thory G\u00e1bort\u00f3l (1609. okt. 6.). Jobb\u00e1gyfalv\u00e1r\u00f3l T. Istv\u00e1n \u00e9s J\u00e1nos, mint primorok lustr\u00e1ltak (1614). <br \/><strong>\u2013 Irod.:<\/strong> P\u00e1lmay.<\/br><\/p>\n","protected":false},"excerpt":{"rendered":"<p>Jobb\u00e1gyfalvi sz\u00e9kely csal\u00e1d: \u00edr\u00e1sos dokumentumok vannak (1519-b\u0151l). T. Gy\u00f6rgy \u00e9s Bal\u00e1s Jobb\u00e1gyfalv\u00e1r\u00f3l, T. Mih\u00e1ly Marosszentgy\u00f6rgyr\u0151l birtoklev\u00e9lben fordulnak el\u0151 (1580. jan. 29.). T. Istv\u00e1n hadnagy (1635\u201336) \u00e9s Marossz\u00e9k k\u00e9pvisel\u0151je az orsz\u00e1ggy\u0171l\u00e9sen. T. Mih\u00e1ly jobb\u00e1gyokat nyert B\u00e1thory G\u00e1bort\u00f3l (1609. okt. 6.). Jobb\u00e1gyfalv\u00e1r\u00f3l T. Istv\u00e1n \u00e9s J\u00e1nos, mint primorok lustr\u00e1ltak (1614). \u2013 Irod.: P\u00e1lmay.<\/p>\n","protected":false},"featured_media":0,"comment_status":"open","ping_status":"closed","template":"","meta":[],"product_brand":[],"product_cat":[137],"product_tag":[],"class_list":{"0":"post-23514","1":"product","2":"type-product","3":"status-publish","5":"product_cat-maros-megyei-eletrajzi-lexikon","7":"first","8":"instock","9":"shipping-taxable","10":"product-type-simple"},"_links":{"self":[{"href":"https:\/\/uj.adatbank.ro\/lexikon\/wp-json\/wp\/v2\/product\/23514","targetHints":{"allow":["GET"]}}],"collection":[{"href":"https:\/\/uj.adatbank.ro\/lexikon\/wp-json\/wp\/v2\/product"}],"about":[{"href":"https:\/\/uj.adatbank.ro\/lexikon\/wp-json\/wp\/v2\/types\/product"}],"replies":[{"embeddable":true,"href":"https:\/\/uj.adatbank.ro\/lexikon\/wp-json\/wp\/v2\/comments?post=23514"}],"wp:attachment":[{"href":"https:\/\/uj.adatbank.ro\/lexikon\/wp-json\/wp\/v2\/media?parent=23514"}],"wp:term":[{"taxonomy":"product_brand","embeddable":true,"href":"https:\/\/uj.adatbank.ro\/lexikon\/wp-json\/wp\/v2\/product_brand?post=23514"},{"taxonomy":"product_cat","embeddable":true,"href":"https:\/\/uj.adatbank.ro\/lexikon\/wp-json\/wp\/v2\/product_cat?post=23514"},{"taxonomy":"product_tag","embeddable":true,"href":"https:\/\/uj.adatbank.ro\/lexikon\/wp-json\/wp\/v2\/product_tag?post=23514"}],"curies":[{"name":"wp","href":"https:\/\/api.w.org\/{rel}","templated":true}]}}