{"id":23524,"date":"2025-08-01T17:31:08","date_gmt":"2025-08-01T15:31:08","guid":{"rendered":"https:\/\/uj.adatbank.ro\/lexikon\/termek\/toth-11\/"},"modified":"2025-08-01T17:31:08","modified_gmt":"2025-08-01T15:31:08","slug":"toth-11","status":"publish","type":"product","link":"https:\/\/uj.adatbank.ro\/lexikon\/termek\/toth-11\/","title":{"rendered":"T\u00d3TH ??"},"content":{"rendered":"<p>Cs\u00edkszentimre, 1752., \u2020 Fej\u00e9regyh\u00e1za, 1807. \u00e1pr. 22.: ferences szerzetes. \u2013 Be\u00f6lt\u00f6z\u00f6tt (1776. okt. 9.), felszentelt\u00e9k (1782. m\u00e1rc. 30.). <br \/><strong>\u2013 Irod.:<\/strong> Gy\u00f6rgy: A ferencrendiek.<\/br><\/p>\n","protected":false},"excerpt":{"rendered":"<p>Cs\u00edkszentimre, 1752., \u2020 Fej\u00e9regyh\u00e1za, 1807. \u00e1pr. 22.: ferences szerzetes. \u2013 Be\u00f6lt\u00f6z\u00f6tt (1776. okt. 9.), felszentelt\u00e9k (1782. m\u00e1rc. 30.). \u2013 Irod.: Gy\u00f6rgy: A ferencrendiek.<\/p>\n","protected":false},"featured_media":0,"comment_status":"open","ping_status":"closed","template":"","meta":[],"product_brand":[],"product_cat":[137],"product_tag":[],"class_list":{"0":"post-23524","1":"product","2":"type-product","3":"status-publish","5":"product_cat-maros-megyei-eletrajzi-lexikon","7":"first","8":"instock","9":"shipping-taxable","10":"product-type-simple"},"_links":{"self":[{"href":"https:\/\/uj.adatbank.ro\/lexikon\/wp-json\/wp\/v2\/product\/23524","targetHints":{"allow":["GET"]}}],"collection":[{"href":"https:\/\/uj.adatbank.ro\/lexikon\/wp-json\/wp\/v2\/product"}],"about":[{"href":"https:\/\/uj.adatbank.ro\/lexikon\/wp-json\/wp\/v2\/types\/product"}],"replies":[{"embeddable":true,"href":"https:\/\/uj.adatbank.ro\/lexikon\/wp-json\/wp\/v2\/comments?post=23524"}],"wp:attachment":[{"href":"https:\/\/uj.adatbank.ro\/lexikon\/wp-json\/wp\/v2\/media?parent=23524"}],"wp:term":[{"taxonomy":"product_brand","embeddable":true,"href":"https:\/\/uj.adatbank.ro\/lexikon\/wp-json\/wp\/v2\/product_brand?post=23524"},{"taxonomy":"product_cat","embeddable":true,"href":"https:\/\/uj.adatbank.ro\/lexikon\/wp-json\/wp\/v2\/product_cat?post=23524"},{"taxonomy":"product_tag","embeddable":true,"href":"https:\/\/uj.adatbank.ro\/lexikon\/wp-json\/wp\/v2\/product_tag?post=23524"}],"curies":[{"name":"wp","href":"https:\/\/api.w.org\/{rel}","templated":true}]}}