{"id":23526,"date":"2025-08-01T17:31:13","date_gmt":"2025-08-01T15:31:13","guid":{"rendered":"https:\/\/uj.adatbank.ro\/lexikon\/termek\/toth-arpad\/"},"modified":"2025-08-01T17:31:13","modified_gmt":"2025-08-01T15:31:13","slug":"toth-arpad","status":"publish","type":"product","link":"https:\/\/uj.adatbank.ro\/lexikon\/termek\/toth-arpad\/","title":{"rendered":"TOTH \u00c1rp\u00e1d"},"content":{"rendered":"<p>1953 \u2020 Marosszentgy\u00f6rgy., 1991. \u00e1pr. 6.: ? . \u2013 Az 1990-es m\u00e1rciusi esem\u00e9nyek marosszentgy\u00f6rgyi \u00e1ldozata. Megk\u00eds\u00e9relte meg\u00e1ll\u00edtani a Mv.-re igyekv\u0151 felfegyverzett rom\u00e1n t\u00fcntet\u0151ket sz\u00e1ll\u00edt\u00f3 teheraut\u00f3t, ez\u00e9rt kilenc h\u00f3napi b\u00f6rt\u00f6nb\u00fcntet\u00e9st kapott, n\u00e9gy h\u00f3nappal szabadul\u00e1sa ut\u00e1n sz\u00edvinfarktusban meghalt. <br \/><strong>\u2013 Irod.:<\/strong> Nemes Gyula: Szakr\u00e1lis eml\u00e9kek. = P\u00e1l-Antal\u2013Simon; N\u00fa (2000. m\u00e1rc. 21).<\/br><\/p>\n","protected":false},"excerpt":{"rendered":"<p>1953 \u2020 Marosszentgy\u00f6rgy., 1991. \u00e1pr. 6.: ? . \u2013 Az 1990-es m\u00e1rciusi esem\u00e9nyek marosszentgy\u00f6rgyi \u00e1ldozata. Megk\u00eds\u00e9relte meg\u00e1ll\u00edtani a Mv.-re igyekv\u0151 felfegyverzett rom\u00e1n t\u00fcntet\u0151ket sz\u00e1ll\u00edt\u00f3 teheraut\u00f3t, ez\u00e9rt kilenc h\u00f3napi b\u00f6rt\u00f6nb\u00fcntet\u00e9st kapott, n\u00e9gy h\u00f3nappal szabadul\u00e1sa ut\u00e1n sz\u00edvinfarktusban meghalt. \u2013 Irod.: Nemes Gyula: Szakr\u00e1lis eml\u00e9kek. = P\u00e1l-Antal\u2013Simon; N\u00fa (2000. m\u00e1rc. 21).<\/p>\n","protected":false},"featured_media":0,"comment_status":"open","ping_status":"closed","template":"","meta":[],"product_brand":[],"product_cat":[137],"product_tag":[],"class_list":{"0":"post-23526","1":"product","2":"type-product","3":"status-publish","5":"product_cat-maros-megyei-eletrajzi-lexikon","7":"first","8":"instock","9":"shipping-taxable","10":"product-type-simple"},"_links":{"self":[{"href":"https:\/\/uj.adatbank.ro\/lexikon\/wp-json\/wp\/v2\/product\/23526","targetHints":{"allow":["GET"]}}],"collection":[{"href":"https:\/\/uj.adatbank.ro\/lexikon\/wp-json\/wp\/v2\/product"}],"about":[{"href":"https:\/\/uj.adatbank.ro\/lexikon\/wp-json\/wp\/v2\/types\/product"}],"replies":[{"embeddable":true,"href":"https:\/\/uj.adatbank.ro\/lexikon\/wp-json\/wp\/v2\/comments?post=23526"}],"wp:attachment":[{"href":"https:\/\/uj.adatbank.ro\/lexikon\/wp-json\/wp\/v2\/media?parent=23526"}],"wp:term":[{"taxonomy":"product_brand","embeddable":true,"href":"https:\/\/uj.adatbank.ro\/lexikon\/wp-json\/wp\/v2\/product_brand?post=23526"},{"taxonomy":"product_cat","embeddable":true,"href":"https:\/\/uj.adatbank.ro\/lexikon\/wp-json\/wp\/v2\/product_cat?post=23526"},{"taxonomy":"product_tag","embeddable":true,"href":"https:\/\/uj.adatbank.ro\/lexikon\/wp-json\/wp\/v2\/product_tag?post=23526"}],"curies":[{"name":"wp","href":"https:\/\/api.w.org\/{rel}","templated":true}]}}