{"id":23527,"date":"2025-08-01T17:31:15","date_gmt":"2025-08-01T15:31:15","guid":{"rendered":"https:\/\/uj.adatbank.ro\/lexikon\/termek\/toth-arpad-v-andras\/"},"modified":"2025-08-01T17:31:15","modified_gmt":"2025-08-01T15:31:15","slug":"toth-arpad-v-andras","status":"publish","type":"product","link":"https:\/\/uj.adatbank.ro\/lexikon\/termek\/toth-arpad-v-andras\/","title":{"rendered":"T\u00d3TH \u00c1rp\u00e1d v. Andr\u00e1s"},"content":{"rendered":"<p>Mv., v. Aranyosgy\u00e9res, 1920. okt. 9., \u2020 Krzywor\u00f3wnia, 1944. j\u00fan. 4.: tizedes. \u2013 Anyja P\u00e9ter Erzs\u00e9bet. \u2013 A 27, t\u00e1bori t\u00fcz\u00e9rezredben tizedes. Baleseti hasl\u00f6v\u00e9s okozta hal\u00e1l\u00e1t. <br \/><strong>\u2013 Irod.:<\/strong> Berekm\u00e9ri 2015.<\/br><\/p>\n","protected":false},"excerpt":{"rendered":"<p>Mv., v. Aranyosgy\u00e9res, 1920. okt. 9., \u2020 Krzywor\u00f3wnia, 1944. j\u00fan. 4.: tizedes. \u2013 Anyja P\u00e9ter Erzs\u00e9bet. \u2013 A 27, t\u00e1bori t\u00fcz\u00e9rezredben tizedes. Baleseti hasl\u00f6v\u00e9s okozta hal\u00e1l\u00e1t. \u2013 Irod.: Berekm\u00e9ri 2015.<\/p>\n","protected":false},"featured_media":0,"comment_status":"open","ping_status":"closed","template":"","meta":[],"product_brand":[],"product_cat":[137],"product_tag":[],"class_list":{"0":"post-23527","1":"product","2":"type-product","3":"status-publish","5":"product_cat-maros-megyei-eletrajzi-lexikon","7":"first","8":"instock","9":"shipping-taxable","10":"product-type-simple"},"_links":{"self":[{"href":"https:\/\/uj.adatbank.ro\/lexikon\/wp-json\/wp\/v2\/product\/23527","targetHints":{"allow":["GET"]}}],"collection":[{"href":"https:\/\/uj.adatbank.ro\/lexikon\/wp-json\/wp\/v2\/product"}],"about":[{"href":"https:\/\/uj.adatbank.ro\/lexikon\/wp-json\/wp\/v2\/types\/product"}],"replies":[{"embeddable":true,"href":"https:\/\/uj.adatbank.ro\/lexikon\/wp-json\/wp\/v2\/comments?post=23527"}],"wp:attachment":[{"href":"https:\/\/uj.adatbank.ro\/lexikon\/wp-json\/wp\/v2\/media?parent=23527"}],"wp:term":[{"taxonomy":"product_brand","embeddable":true,"href":"https:\/\/uj.adatbank.ro\/lexikon\/wp-json\/wp\/v2\/product_brand?post=23527"},{"taxonomy":"product_cat","embeddable":true,"href":"https:\/\/uj.adatbank.ro\/lexikon\/wp-json\/wp\/v2\/product_cat?post=23527"},{"taxonomy":"product_tag","embeddable":true,"href":"https:\/\/uj.adatbank.ro\/lexikon\/wp-json\/wp\/v2\/product_tag?post=23527"}],"curies":[{"name":"wp","href":"https:\/\/api.w.org\/{rel}","templated":true}]}}