{"id":23530,"date":"2025-08-01T17:31:22","date_gmt":"2025-08-01T15:31:22","guid":{"rendered":"https:\/\/uj.adatbank.ro\/lexikon\/termek\/toth-benjamin\/"},"modified":"2025-08-01T17:31:22","modified_gmt":"2025-08-01T15:31:22","slug":"toth-benjamin","status":"publish","type":"product","link":"https:\/\/uj.adatbank.ro\/lexikon\/termek\/toth-benjamin\/","title":{"rendered":"TOTH Benj\u00e1min"},"content":{"rendered":"<p>Cserefalva, 1895. j\u00fan. \u2020 Cserefalva, 1980. j\u00fan. 20.: tartal\u00e9kos szakaszvezet\u0151. \u2013 A cs. kir. 62. gyalogezred, 8. menetsz\u00e1zadban szakaszvezet\u0151. Kit\u00fcntet\u00e9sei: 01, 02, 0B, Kcsk, Seb\u00c9, MHE\u00c9, Leg\u00e9nys\u00e9gi Katonai Szolg\u00e1lati Jel III. ozt., Bajor \u00c9K, BHE\u00c9. Vit\u00e9zi avat\u00e1sa j\u00fan. 18. <br \/><strong>\u2013 Irod.:<\/strong> Berekm\u00e9ri\u2013Nemes.<\/br><\/p>\n","protected":false},"excerpt":{"rendered":"<p>Cserefalva, 1895. j\u00fan. \u2020 Cserefalva, 1980. j\u00fan. 20.: tartal\u00e9kos szakaszvezet\u0151. \u2013 A cs. kir. 62. gyalogezred, 8. menetsz\u00e1zadban szakaszvezet\u0151. Kit\u00fcntet\u00e9sei: 01, 02, 0B, Kcsk, Seb\u00c9, MHE\u00c9, Leg\u00e9nys\u00e9gi Katonai Szolg\u00e1lati Jel III. ozt., Bajor \u00c9K, BHE\u00c9. Vit\u00e9zi avat\u00e1sa j\u00fan. 18. \u2013 Irod.: Berekm\u00e9ri\u2013Nemes.<\/p>\n","protected":false},"featured_media":0,"comment_status":"open","ping_status":"closed","template":"","meta":[],"product_brand":[],"product_cat":[137],"product_tag":[],"class_list":{"0":"post-23530","1":"product","2":"type-product","3":"status-publish","5":"product_cat-maros-megyei-eletrajzi-lexikon","7":"first","8":"instock","9":"shipping-taxable","10":"product-type-simple"},"_links":{"self":[{"href":"https:\/\/uj.adatbank.ro\/lexikon\/wp-json\/wp\/v2\/product\/23530","targetHints":{"allow":["GET"]}}],"collection":[{"href":"https:\/\/uj.adatbank.ro\/lexikon\/wp-json\/wp\/v2\/product"}],"about":[{"href":"https:\/\/uj.adatbank.ro\/lexikon\/wp-json\/wp\/v2\/types\/product"}],"replies":[{"embeddable":true,"href":"https:\/\/uj.adatbank.ro\/lexikon\/wp-json\/wp\/v2\/comments?post=23530"}],"wp:attachment":[{"href":"https:\/\/uj.adatbank.ro\/lexikon\/wp-json\/wp\/v2\/media?parent=23530"}],"wp:term":[{"taxonomy":"product_brand","embeddable":true,"href":"https:\/\/uj.adatbank.ro\/lexikon\/wp-json\/wp\/v2\/product_brand?post=23530"},{"taxonomy":"product_cat","embeddable":true,"href":"https:\/\/uj.adatbank.ro\/lexikon\/wp-json\/wp\/v2\/product_cat?post=23530"},{"taxonomy":"product_tag","embeddable":true,"href":"https:\/\/uj.adatbank.ro\/lexikon\/wp-json\/wp\/v2\/product_tag?post=23530"}],"curies":[{"name":"wp","href":"https:\/\/api.w.org\/{rel}","templated":true}]}}