{"id":23531,"date":"2025-08-01T17:31:26","date_gmt":"2025-08-01T15:31:26","guid":{"rendered":"https:\/\/uj.adatbank.ro\/lexikon\/termek\/toth-birton-mihaly\/"},"modified":"2026-02-17T16:58:47","modified_gmt":"2026-02-17T15:58:47","slug":"toth-birton-mihaly","status":"publish","type":"product","link":"https:\/\/uj.adatbank.ro\/lexikon\/termek\/toth-birton-mihaly\/","title":{"rendered":"T\u00d3TH BIRTON MIH\u00c1LY"},"content":{"rendered":"<p>Sz\u00e9kelyv\u00e9cke, 1933 \u2020 Mv., 2004. febr. 11., tan\u00edt\u00f3 Ny\u00e1r\u00e1dkar\u00e1csonyfalv\u00e1n (Maros).<\/p>\n","protected":false},"excerpt":{"rendered":"<p>Sz\u00e9kelyv\u00e9cke, 1933 \u2020 Mv., 2004. febr. 11., tan\u00edt\u00f3 Ny\u00e1r\u00e1dkar\u00e1csonyfalv\u00e1n (Maros).<\/p>\n","protected":false},"featured_media":0,"comment_status":"open","ping_status":"closed","template":"","meta":[],"product_brand":[],"product_cat":[137],"product_tag":[],"class_list":{"0":"post-23531","1":"product","2":"type-product","3":"status-publish","5":"product_cat-maros-megyei-eletrajzi-lexikon","7":"first","8":"instock","9":"shipping-taxable","10":"product-type-simple"},"_links":{"self":[{"href":"https:\/\/uj.adatbank.ro\/lexikon\/wp-json\/wp\/v2\/product\/23531","targetHints":{"allow":["GET"]}}],"collection":[{"href":"https:\/\/uj.adatbank.ro\/lexikon\/wp-json\/wp\/v2\/product"}],"about":[{"href":"https:\/\/uj.adatbank.ro\/lexikon\/wp-json\/wp\/v2\/types\/product"}],"replies":[{"embeddable":true,"href":"https:\/\/uj.adatbank.ro\/lexikon\/wp-json\/wp\/v2\/comments?post=23531"}],"wp:attachment":[{"href":"https:\/\/uj.adatbank.ro\/lexikon\/wp-json\/wp\/v2\/media?parent=23531"}],"wp:term":[{"taxonomy":"product_brand","embeddable":true,"href":"https:\/\/uj.adatbank.ro\/lexikon\/wp-json\/wp\/v2\/product_brand?post=23531"},{"taxonomy":"product_cat","embeddable":true,"href":"https:\/\/uj.adatbank.ro\/lexikon\/wp-json\/wp\/v2\/product_cat?post=23531"},{"taxonomy":"product_tag","embeddable":true,"href":"https:\/\/uj.adatbank.ro\/lexikon\/wp-json\/wp\/v2\/product_tag?post=23531"}],"curies":[{"name":"wp","href":"https:\/\/api.w.org\/{rel}","templated":true}]}}