{"id":23532,"date":"2025-08-01T17:31:28","date_gmt":"2025-08-01T15:31:28","guid":{"rendered":"https:\/\/uj.adatbank.ro\/lexikon\/termek\/toth-borbara\/"},"modified":"2025-08-01T17:31:28","modified_gmt":"2025-08-01T15:31:28","slug":"toth-borbara","status":"publish","type":"product","link":"https:\/\/uj.adatbank.ro\/lexikon\/termek\/toth-borbara\/","title":{"rendered":"T\u00d3TH Borb\u00e1ra"},"content":{"rendered":"<p>? \u2020: Sz\u0151kefalva, 1699. aug. 21. a temet\u00e9se: ? . <br \/><strong>\u2013 Irod.:<\/strong> Alm\u00e1si Gergely Mih\u00e1ly: Halotti besz\u00e9d T. B. felett.; Szaniszl\u00f3 Istv\u00e1n. Halotti besz\u00e9d T. B. felett. = K\u00e9nosi\u2013Uzoni 2.<\/br><\/p>\n","protected":false},"excerpt":{"rendered":"<p>? \u2020: Sz\u0151kefalva, 1699. aug. 21. a temet\u00e9se: ? . \u2013 Irod.: Alm\u00e1si Gergely Mih\u00e1ly: Halotti besz\u00e9d T. B. felett.; Szaniszl\u00f3 Istv\u00e1n. Halotti besz\u00e9d T. B. felett. = K\u00e9nosi\u2013Uzoni 2.<\/p>\n","protected":false},"featured_media":0,"comment_status":"open","ping_status":"closed","template":"","meta":[],"product_brand":[],"product_cat":[137],"product_tag":[],"class_list":{"0":"post-23532","1":"product","2":"type-product","3":"status-publish","5":"product_cat-maros-megyei-eletrajzi-lexikon","7":"first","8":"instock","9":"shipping-taxable","10":"product-type-simple"},"_links":{"self":[{"href":"https:\/\/uj.adatbank.ro\/lexikon\/wp-json\/wp\/v2\/product\/23532","targetHints":{"allow":["GET"]}}],"collection":[{"href":"https:\/\/uj.adatbank.ro\/lexikon\/wp-json\/wp\/v2\/product"}],"about":[{"href":"https:\/\/uj.adatbank.ro\/lexikon\/wp-json\/wp\/v2\/types\/product"}],"replies":[{"embeddable":true,"href":"https:\/\/uj.adatbank.ro\/lexikon\/wp-json\/wp\/v2\/comments?post=23532"}],"wp:attachment":[{"href":"https:\/\/uj.adatbank.ro\/lexikon\/wp-json\/wp\/v2\/media?parent=23532"}],"wp:term":[{"taxonomy":"product_brand","embeddable":true,"href":"https:\/\/uj.adatbank.ro\/lexikon\/wp-json\/wp\/v2\/product_brand?post=23532"},{"taxonomy":"product_cat","embeddable":true,"href":"https:\/\/uj.adatbank.ro\/lexikon\/wp-json\/wp\/v2\/product_cat?post=23532"},{"taxonomy":"product_tag","embeddable":true,"href":"https:\/\/uj.adatbank.ro\/lexikon\/wp-json\/wp\/v2\/product_tag?post=23532"}],"curies":[{"name":"wp","href":"https:\/\/api.w.org\/{rel}","templated":true}]}}