{"id":23538,"date":"2025-08-01T17:31:42","date_gmt":"2025-08-01T15:31:42","guid":{"rendered":"https:\/\/uj.adatbank.ro\/lexikon\/termek\/toth-ferenc-3\/"},"modified":"2025-08-01T17:31:42","modified_gmt":"2025-08-01T15:31:42","slug":"toth-ferenc-3","status":"publish","type":"product","link":"https:\/\/uj.adatbank.ro\/lexikon\/termek\/toth-ferenc-3\/","title":{"rendered":"T\u00d3TH Ferenc"},"content":{"rendered":"<p>1831., \u2020 Mv., 1903. \u00e1pr. 11.: birtokos. \u2013 Feles\u00e9ge: Reich \u00c1gnes. Gyermekeik: T. R\u00f3za; Eliz \u2013 Kereszt\u00e9ly Gyul\u00e1n\u00e9; Anna \u2013 Szenkovits \u00c1rp\u00e1dn\u00e9; Ilona \u2013 Szenkovits \u00c1rp\u00e1dn\u00e9; Lajos, Mariska, Gyula, Margit, Piroska, Gizella, K\u00e1roly (1863 \u2013 Ag\u00e1rd, 1884. j\u00fal. 2.). <br \/><strong>\u2013 Irod.:<\/strong> Gy\u00e1szjelent\u0151.<\/br><\/p>\n","protected":false},"excerpt":{"rendered":"<p>1831., \u2020 Mv., 1903. \u00e1pr. 11.: birtokos. \u2013 Feles\u00e9ge: Reich \u00c1gnes. Gyermekeik: T. R\u00f3za; Eliz \u2013 Kereszt\u00e9ly Gyul\u00e1n\u00e9; Anna \u2013 Szenkovits \u00c1rp\u00e1dn\u00e9; Ilona \u2013 Szenkovits \u00c1rp\u00e1dn\u00e9; Lajos, Mariska, Gyula, Margit, Piroska, Gizella, K\u00e1roly (1863 \u2013 Ag\u00e1rd, 1884. j\u00fal. 2.). \u2013 Irod.: Gy\u00e1szjelent\u0151.<\/p>\n","protected":false},"featured_media":0,"comment_status":"open","ping_status":"closed","template":"","meta":[],"product_brand":[],"product_cat":[137],"product_tag":[],"class_list":{"0":"post-23538","1":"product","2":"type-product","3":"status-publish","5":"product_cat-maros-megyei-eletrajzi-lexikon","7":"first","8":"instock","9":"shipping-taxable","10":"product-type-simple"},"_links":{"self":[{"href":"https:\/\/uj.adatbank.ro\/lexikon\/wp-json\/wp\/v2\/product\/23538","targetHints":{"allow":["GET"]}}],"collection":[{"href":"https:\/\/uj.adatbank.ro\/lexikon\/wp-json\/wp\/v2\/product"}],"about":[{"href":"https:\/\/uj.adatbank.ro\/lexikon\/wp-json\/wp\/v2\/types\/product"}],"replies":[{"embeddable":true,"href":"https:\/\/uj.adatbank.ro\/lexikon\/wp-json\/wp\/v2\/comments?post=23538"}],"wp:attachment":[{"href":"https:\/\/uj.adatbank.ro\/lexikon\/wp-json\/wp\/v2\/media?parent=23538"}],"wp:term":[{"taxonomy":"product_brand","embeddable":true,"href":"https:\/\/uj.adatbank.ro\/lexikon\/wp-json\/wp\/v2\/product_brand?post=23538"},{"taxonomy":"product_cat","embeddable":true,"href":"https:\/\/uj.adatbank.ro\/lexikon\/wp-json\/wp\/v2\/product_cat?post=23538"},{"taxonomy":"product_tag","embeddable":true,"href":"https:\/\/uj.adatbank.ro\/lexikon\/wp-json\/wp\/v2\/product_tag?post=23538"}],"curies":[{"name":"wp","href":"https:\/\/api.w.org\/{rel}","templated":true}]}}