{"id":23539,"date":"2025-08-01T17:31:44","date_gmt":"2025-08-01T15:31:44","guid":{"rendered":"https:\/\/uj.adatbank.ro\/lexikon\/termek\/toth-ferenc-4\/"},"modified":"2025-08-01T17:31:44","modified_gmt":"2025-08-01T15:31:44","slug":"toth-ferenc-4","status":"publish","type":"product","link":"https:\/\/uj.adatbank.ro\/lexikon\/termek\/toth-ferenc-4\/","title":{"rendered":"T\u00d3TH Ferenc"},"content":{"rendered":"<p>Nagyernye, 1899., \u2020 ?: birtokos. \u2013 Feles\u00e9ge: Nemes Jol\u00e1n. \u2013 Marosszentgy\u00f6rgy\u00f6n gazd\u00e1lkodott 27 hold birtokon. Az I. vh.-ban francia fogs\u00e1gba esett. <br \/><strong>\u2013 Irod.:<\/strong> Erd\u00e9lyi v\u00e1rmegy\u00e9k.<\/br><\/p>\n","protected":false},"excerpt":{"rendered":"<p>Nagyernye, 1899., \u2020 ?: birtokos. \u2013 Feles\u00e9ge: Nemes Jol\u00e1n. \u2013 Marosszentgy\u00f6rgy\u00f6n gazd\u00e1lkodott 27 hold birtokon. Az I. vh.-ban francia fogs\u00e1gba esett. \u2013 Irod.: Erd\u00e9lyi v\u00e1rmegy\u00e9k.<\/p>\n","protected":false},"featured_media":0,"comment_status":"open","ping_status":"closed","template":"","meta":[],"product_brand":[],"product_cat":[137],"product_tag":[],"class_list":{"0":"post-23539","1":"product","2":"type-product","3":"status-publish","5":"product_cat-maros-megyei-eletrajzi-lexikon","7":"first","8":"instock","9":"shipping-taxable","10":"product-type-simple"},"_links":{"self":[{"href":"https:\/\/uj.adatbank.ro\/lexikon\/wp-json\/wp\/v2\/product\/23539","targetHints":{"allow":["GET"]}}],"collection":[{"href":"https:\/\/uj.adatbank.ro\/lexikon\/wp-json\/wp\/v2\/product"}],"about":[{"href":"https:\/\/uj.adatbank.ro\/lexikon\/wp-json\/wp\/v2\/types\/product"}],"replies":[{"embeddable":true,"href":"https:\/\/uj.adatbank.ro\/lexikon\/wp-json\/wp\/v2\/comments?post=23539"}],"wp:attachment":[{"href":"https:\/\/uj.adatbank.ro\/lexikon\/wp-json\/wp\/v2\/media?parent=23539"}],"wp:term":[{"taxonomy":"product_brand","embeddable":true,"href":"https:\/\/uj.adatbank.ro\/lexikon\/wp-json\/wp\/v2\/product_brand?post=23539"},{"taxonomy":"product_cat","embeddable":true,"href":"https:\/\/uj.adatbank.ro\/lexikon\/wp-json\/wp\/v2\/product_cat?post=23539"},{"taxonomy":"product_tag","embeddable":true,"href":"https:\/\/uj.adatbank.ro\/lexikon\/wp-json\/wp\/v2\/product_tag?post=23539"}],"curies":[{"name":"wp","href":"https:\/\/api.w.org\/{rel}","templated":true}]}}