{"id":23544,"date":"2025-08-01T17:31:56","date_gmt":"2025-08-01T15:31:56","guid":{"rendered":"https:\/\/uj.adatbank.ro\/lexikon\/termek\/toth-gyorgy\/"},"modified":"2025-08-01T17:31:56","modified_gmt":"2025-08-01T15:31:56","slug":"toth-gyorgy","status":"publish","type":"product","link":"https:\/\/uj.adatbank.ro\/lexikon\/termek\/toth-gyorgy\/","title":{"rendered":"TOTH Gy\u00f6rgy"},"content":{"rendered":"<p>Ny\u00e1r\u00e1dremete, 1924. \u00e1pr.10., \u2020 ?: munk\u00e1s. \u2013 V\u00e1rmez\u0151n dolgozott. Letart\u00f3ztatt\u00e1k (1958. j\u00fal. 1.) \u00e9s szabot\u00e1zs c\u00edm\u00e9n helyezt\u00e9k v\u00e1d al\u00e1. Azzal v\u00e1dolt\u00e1k, hogy az IFET helyi r\u00e9szleg\u00e9n megpr\u00f3b\u00e1lta megrong\u00e1lni a turbina vezet\u00e9k\u00e9t. <br \/><strong>\u2013 Irod.:<\/strong> 1956 Erd\u00e9lyben.<\/br><\/p>\n","protected":false},"excerpt":{"rendered":"<p>Ny\u00e1r\u00e1dremete, 1924. \u00e1pr.10., \u2020 ?: munk\u00e1s. \u2013 V\u00e1rmez\u0151n dolgozott. Letart\u00f3ztatt\u00e1k (1958. j\u00fal. 1.) \u00e9s szabot\u00e1zs c\u00edm\u00e9n helyezt\u00e9k v\u00e1d al\u00e1. Azzal v\u00e1dolt\u00e1k, hogy az IFET helyi r\u00e9szleg\u00e9n megpr\u00f3b\u00e1lta megrong\u00e1lni a turbina vezet\u00e9k\u00e9t. \u2013 Irod.: 1956 Erd\u00e9lyben.<\/p>\n","protected":false},"featured_media":0,"comment_status":"open","ping_status":"closed","template":"","meta":[],"product_brand":[],"product_cat":[137],"product_tag":[],"class_list":{"0":"post-23544","1":"product","2":"type-product","3":"status-publish","5":"product_cat-maros-megyei-eletrajzi-lexikon","7":"first","8":"instock","9":"shipping-taxable","10":"product-type-simple"},"_links":{"self":[{"href":"https:\/\/uj.adatbank.ro\/lexikon\/wp-json\/wp\/v2\/product\/23544","targetHints":{"allow":["GET"]}}],"collection":[{"href":"https:\/\/uj.adatbank.ro\/lexikon\/wp-json\/wp\/v2\/product"}],"about":[{"href":"https:\/\/uj.adatbank.ro\/lexikon\/wp-json\/wp\/v2\/types\/product"}],"replies":[{"embeddable":true,"href":"https:\/\/uj.adatbank.ro\/lexikon\/wp-json\/wp\/v2\/comments?post=23544"}],"wp:attachment":[{"href":"https:\/\/uj.adatbank.ro\/lexikon\/wp-json\/wp\/v2\/media?parent=23544"}],"wp:term":[{"taxonomy":"product_brand","embeddable":true,"href":"https:\/\/uj.adatbank.ro\/lexikon\/wp-json\/wp\/v2\/product_brand?post=23544"},{"taxonomy":"product_cat","embeddable":true,"href":"https:\/\/uj.adatbank.ro\/lexikon\/wp-json\/wp\/v2\/product_cat?post=23544"},{"taxonomy":"product_tag","embeddable":true,"href":"https:\/\/uj.adatbank.ro\/lexikon\/wp-json\/wp\/v2\/product_tag?post=23544"}],"curies":[{"name":"wp","href":"https:\/\/api.w.org\/{rel}","templated":true}]}}