{"id":23545,"date":"2025-08-01T17:31:58","date_gmt":"2025-08-01T15:31:58","guid":{"rendered":"https:\/\/uj.adatbank.ro\/lexikon\/termek\/toth-gyorgy-2\/"},"modified":"2025-08-01T17:31:58","modified_gmt":"2025-08-01T15:31:58","slug":"toth-gyorgy-2","status":"publish","type":"product","link":"https:\/\/uj.adatbank.ro\/lexikon\/termek\/toth-gyorgy-2\/","title":{"rendered":"T\u00d3TH Gy\u00f6rgy"},"content":{"rendered":"<p>? \u2020 ?: iskolamester. \u2013 S\u00e1romberk\u00e9n tan\u00edtott (1752\u201375 ?). <br \/><strong>\u2013 Irod.:<\/strong> S\u00e1romberke.<\/br><\/p>\n","protected":false},"excerpt":{"rendered":"<p>? \u2020 ?: iskolamester. \u2013 S\u00e1romberk\u00e9n tan\u00edtott (1752\u201375 ?). \u2013 Irod.: S\u00e1romberke.<\/p>\n","protected":false},"featured_media":0,"comment_status":"open","ping_status":"closed","template":"","meta":[],"product_brand":[],"product_cat":[137],"product_tag":[],"class_list":{"0":"post-23545","1":"product","2":"type-product","3":"status-publish","5":"product_cat-maros-megyei-eletrajzi-lexikon","7":"first","8":"instock","9":"shipping-taxable","10":"product-type-simple"},"_links":{"self":[{"href":"https:\/\/uj.adatbank.ro\/lexikon\/wp-json\/wp\/v2\/product\/23545","targetHints":{"allow":["GET"]}}],"collection":[{"href":"https:\/\/uj.adatbank.ro\/lexikon\/wp-json\/wp\/v2\/product"}],"about":[{"href":"https:\/\/uj.adatbank.ro\/lexikon\/wp-json\/wp\/v2\/types\/product"}],"replies":[{"embeddable":true,"href":"https:\/\/uj.adatbank.ro\/lexikon\/wp-json\/wp\/v2\/comments?post=23545"}],"wp:attachment":[{"href":"https:\/\/uj.adatbank.ro\/lexikon\/wp-json\/wp\/v2\/media?parent=23545"}],"wp:term":[{"taxonomy":"product_brand","embeddable":true,"href":"https:\/\/uj.adatbank.ro\/lexikon\/wp-json\/wp\/v2\/product_brand?post=23545"},{"taxonomy":"product_cat","embeddable":true,"href":"https:\/\/uj.adatbank.ro\/lexikon\/wp-json\/wp\/v2\/product_cat?post=23545"},{"taxonomy":"product_tag","embeddable":true,"href":"https:\/\/uj.adatbank.ro\/lexikon\/wp-json\/wp\/v2\/product_tag?post=23545"}],"curies":[{"name":"wp","href":"https:\/\/api.w.org\/{rel}","templated":true}]}}