{"id":23548,"date":"2025-08-01T17:32:04","date_gmt":"2025-08-01T15:32:04","guid":{"rendered":"https:\/\/uj.adatbank.ro\/lexikon\/termek\/toth-gyula\/"},"modified":"2025-08-01T17:32:04","modified_gmt":"2025-08-01T15:32:04","slug":"toth-gyula","status":"publish","type":"product","link":"https:\/\/uj.adatbank.ro\/lexikon\/termek\/toth-gyula\/","title":{"rendered":"T\u00d3TH Gyula"},"content":{"rendered":"<p>Mez\u0151fele, 1888., \u2020 ?: gazd\u00e1lkod\u00f3. \u2013 Iskol\u00e1i elv\u00e9gz\u00e9se ut\u00e1n \u00e9desapja birtok\u00e1n gazd\u00e1lkodott, \u00f6n\u00e1ll\u00f3 lett Mez\u0151fel\u00e9ben (1912). Az els\u0151 vh.-ban a szerb, orosz, olasz fronton harcolt, k\u00e9t bronz vit. \u00e9rem \u00e9s a K\u00e1roly Csapatkereszt tulajdonosa volt. A MP \u00e9s a ref. presbit\u00e9rium tagja, a Sz\u00f6vetkezet igazgat\u00f3ja, k\u00f6zs\u00e9gi b\u00edr\u00f3 volt, sz\u00e1mos szoci\u00e1lis, kultur\u00e1lis alkot\u00e1s f\u0171z\u0151dik nev\u00e9hez. <br \/><strong>\u2013 Irod.:<\/strong> Sz\u00e9kelyf\u00f6ld \u00ed. k.<\/br><\/p>\n","protected":false},"excerpt":{"rendered":"<p>Mez\u0151fele, 1888., \u2020 ?: gazd\u00e1lkod\u00f3. \u2013 Iskol\u00e1i elv\u00e9gz\u00e9se ut\u00e1n \u00e9desapja birtok\u00e1n gazd\u00e1lkodott, \u00f6n\u00e1ll\u00f3 lett Mez\u0151fel\u00e9ben (1912). Az els\u0151 vh.-ban a szerb, orosz, olasz fronton harcolt, k\u00e9t bronz vit. \u00e9rem \u00e9s a K\u00e1roly Csapatkereszt tulajdonosa volt. A MP \u00e9s a ref. presbit\u00e9rium tagja, a Sz\u00f6vetkezet igazgat\u00f3ja, k\u00f6zs\u00e9gi b\u00edr\u00f3 volt, sz\u00e1mos szoci\u00e1lis, kultur\u00e1lis alkot\u00e1s f\u0171z\u0151dik nev\u00e9hez. \u2013 [&hellip;]<\/p>\n","protected":false},"featured_media":0,"comment_status":"open","ping_status":"closed","template":"","meta":[],"product_brand":[],"product_cat":[137],"product_tag":[],"class_list":{"0":"post-23548","1":"product","2":"type-product","3":"status-publish","5":"product_cat-maros-megyei-eletrajzi-lexikon","7":"first","8":"instock","9":"shipping-taxable","10":"product-type-simple"},"_links":{"self":[{"href":"https:\/\/uj.adatbank.ro\/lexikon\/wp-json\/wp\/v2\/product\/23548","targetHints":{"allow":["GET"]}}],"collection":[{"href":"https:\/\/uj.adatbank.ro\/lexikon\/wp-json\/wp\/v2\/product"}],"about":[{"href":"https:\/\/uj.adatbank.ro\/lexikon\/wp-json\/wp\/v2\/types\/product"}],"replies":[{"embeddable":true,"href":"https:\/\/uj.adatbank.ro\/lexikon\/wp-json\/wp\/v2\/comments?post=23548"}],"wp:attachment":[{"href":"https:\/\/uj.adatbank.ro\/lexikon\/wp-json\/wp\/v2\/media?parent=23548"}],"wp:term":[{"taxonomy":"product_brand","embeddable":true,"href":"https:\/\/uj.adatbank.ro\/lexikon\/wp-json\/wp\/v2\/product_brand?post=23548"},{"taxonomy":"product_cat","embeddable":true,"href":"https:\/\/uj.adatbank.ro\/lexikon\/wp-json\/wp\/v2\/product_cat?post=23548"},{"taxonomy":"product_tag","embeddable":true,"href":"https:\/\/uj.adatbank.ro\/lexikon\/wp-json\/wp\/v2\/product_tag?post=23548"}],"curies":[{"name":"wp","href":"https:\/\/api.w.org\/{rel}","templated":true}]}}