{"id":23550,"date":"2025-08-01T17:32:09","date_gmt":"2025-08-01T15:32:09","guid":{"rendered":"https:\/\/uj.adatbank.ro\/lexikon\/termek\/toth-istvan-2\/"},"modified":"2025-08-01T17:32:09","modified_gmt":"2025-08-01T15:32:09","slug":"toth-istvan-2","status":"publish","type":"product","link":"https:\/\/uj.adatbank.ro\/lexikon\/termek\/toth-istvan-2\/","title":{"rendered":"T\u00d3TH Istv\u00e1n"},"content":{"rendered":"<p>? \u2020 ?: f\u00f6ldes\u00far, jobb\u00e1gyfalvi unit. csal\u00e1d sarja. \u2013 R. k. templomot emeltek Ny\u00e1r\u00e1dszentm\u00e1rtonban (1241\u201370), ezt a t\u00f6r\u00f6k\u00f6k felgy\u00fajtott\u00e1k (1661). T. I. adom\u00e1ny\u00e1b\u00f3l \u00fajra\u00e9p\u00edtett\u00e9k, befedt\u00e9k, 63 festett kazett\u00e1s mennyezetet k\u00e9sz\u00edtettek (1667). Kozma Mih\u00e1ly \u00e9s Havadi Andr\u00e1s mesterek \u00faj karzatot is \u00e9p\u00edtettek a templomban. Az adom\u00e1nyoz\u00f3 tisztelet\u00e9re a templomban eml\u00e9kt\u00e1bl\u00e1t \u00e1ll\u00edtottak \u00e9s \u00fcl\u0151padot is kapott (1675). B\u00e1r ritkas\u00e1gsz\u00e1mba megy, kevesen ismerik, hogy a Ny\u00e1r\u00e1dv\u00f6lgye k\u00f6zep\u00e9re es\u0151 Ny\u00e1r\u00e1dszentm\u00e1rton felm\u00e9rhetetlen \u00e9rt\u00e9k\u0171 kincset rejteget. A 63 kazett\u00e1t tartalmaz\u00f3 mennyezet vir\u00e1gokat, \u00e1llatokat \u00e1br\u00e1zolnak \u00e9s egy k\u00f6z\u00e9pkori hollandiai tartom\u00e1nyi c\u00edmert, a Kleve-ker\u00e9k mot\u00edvumot, ismeretlen \u00faton ker\u00fclt a szentm\u00e1rtoni unit\u00e1rius templomba. A XIII. sz\u00e1zadban \u00e9p\u00fclt temploma m\u00e1ra m\u00e1r turisztikai l\u00e1tv\u00e1nyoss\u00e1gnak sz\u00e1m\u00edt. <br \/><strong>\u2013 Irod.:<\/strong> Gligor; (K\u00f6zPont, 2007. dec. 17\u201320.); L\u00e9sty\u00e1n \u2013 templomok; Sepsisz\u00e9ki.<\/br><\/p>\n","protected":false},"excerpt":{"rendered":"<p>? \u2020 ?: f\u00f6ldes\u00far, jobb\u00e1gyfalvi unit. csal\u00e1d sarja. \u2013 R. k. templomot emeltek Ny\u00e1r\u00e1dszentm\u00e1rtonban (1241\u201370), ezt a t\u00f6r\u00f6k\u00f6k felgy\u00fajtott\u00e1k (1661). T. I. adom\u00e1ny\u00e1b\u00f3l \u00fajra\u00e9p\u00edtett\u00e9k, befedt\u00e9k, 63 festett kazett\u00e1s mennyezetet k\u00e9sz\u00edtettek (1667). Kozma Mih\u00e1ly \u00e9s Havadi Andr\u00e1s mesterek \u00faj karzatot is \u00e9p\u00edtettek a templomban. Az adom\u00e1nyoz\u00f3 tisztelet\u00e9re a templomban eml\u00e9kt\u00e1bl\u00e1t \u00e1ll\u00edtottak \u00e9s \u00fcl\u0151padot is kapott (1675). [&hellip;]<\/p>\n","protected":false},"featured_media":0,"comment_status":"open","ping_status":"closed","template":"","meta":[],"product_brand":[],"product_cat":[137],"product_tag":[],"class_list":{"0":"post-23550","1":"product","2":"type-product","3":"status-publish","5":"product_cat-maros-megyei-eletrajzi-lexikon","7":"first","8":"instock","9":"shipping-taxable","10":"product-type-simple"},"_links":{"self":[{"href":"https:\/\/uj.adatbank.ro\/lexikon\/wp-json\/wp\/v2\/product\/23550","targetHints":{"allow":["GET"]}}],"collection":[{"href":"https:\/\/uj.adatbank.ro\/lexikon\/wp-json\/wp\/v2\/product"}],"about":[{"href":"https:\/\/uj.adatbank.ro\/lexikon\/wp-json\/wp\/v2\/types\/product"}],"replies":[{"embeddable":true,"href":"https:\/\/uj.adatbank.ro\/lexikon\/wp-json\/wp\/v2\/comments?post=23550"}],"wp:attachment":[{"href":"https:\/\/uj.adatbank.ro\/lexikon\/wp-json\/wp\/v2\/media?parent=23550"}],"wp:term":[{"taxonomy":"product_brand","embeddable":true,"href":"https:\/\/uj.adatbank.ro\/lexikon\/wp-json\/wp\/v2\/product_brand?post=23550"},{"taxonomy":"product_cat","embeddable":true,"href":"https:\/\/uj.adatbank.ro\/lexikon\/wp-json\/wp\/v2\/product_cat?post=23550"},{"taxonomy":"product_tag","embeddable":true,"href":"https:\/\/uj.adatbank.ro\/lexikon\/wp-json\/wp\/v2\/product_tag?post=23550"}],"curies":[{"name":"wp","href":"https:\/\/api.w.org\/{rel}","templated":true}]}}