{"id":23553,"date":"2025-08-01T17:32:15","date_gmt":"2025-08-01T15:32:15","guid":{"rendered":"https:\/\/uj.adatbank.ro\/lexikon\/termek\/toth-istvan-nyaradszentlaszloi\/"},"modified":"2025-08-01T17:32:15","modified_gmt":"2025-08-01T15:32:15","slug":"toth-istvan-nyaradszentlaszloi","status":"publish","type":"product","link":"https:\/\/uj.adatbank.ro\/lexikon\/termek\/toth-istvan-nyaradszentlaszloi\/","title":{"rendered":"T\u00d3TH Istv\u00e1n, ny\u00e1r\u00e1dszentl\u00e1szl\u00f3i"},"content":{"rendered":"<p>? \u2020 ? 1847 k\u00f6r\u00fcl: \u00fcgyv\u00e9d. \u2013 Mv.-en volt \u00fcgyv\u00e9d. <br \/><strong>\u2013 Irod.:<\/strong> Nagy Iv\u00e1n; P\u00e1lmay.<\/br><\/p>\n","protected":false},"excerpt":{"rendered":"<p>? \u2020 ? 1847 k\u00f6r\u00fcl: \u00fcgyv\u00e9d. \u2013 Mv.-en volt \u00fcgyv\u00e9d. \u2013 Irod.: Nagy Iv\u00e1n; P\u00e1lmay.<\/p>\n","protected":false},"featured_media":0,"comment_status":"open","ping_status":"closed","template":"","meta":[],"product_brand":[],"product_cat":[137],"product_tag":[],"class_list":{"0":"post-23553","1":"product","2":"type-product","3":"status-publish","5":"product_cat-maros-megyei-eletrajzi-lexikon","7":"first","8":"instock","9":"shipping-taxable","10":"product-type-simple"},"_links":{"self":[{"href":"https:\/\/uj.adatbank.ro\/lexikon\/wp-json\/wp\/v2\/product\/23553","targetHints":{"allow":["GET"]}}],"collection":[{"href":"https:\/\/uj.adatbank.ro\/lexikon\/wp-json\/wp\/v2\/product"}],"about":[{"href":"https:\/\/uj.adatbank.ro\/lexikon\/wp-json\/wp\/v2\/types\/product"}],"replies":[{"embeddable":true,"href":"https:\/\/uj.adatbank.ro\/lexikon\/wp-json\/wp\/v2\/comments?post=23553"}],"wp:attachment":[{"href":"https:\/\/uj.adatbank.ro\/lexikon\/wp-json\/wp\/v2\/media?parent=23553"}],"wp:term":[{"taxonomy":"product_brand","embeddable":true,"href":"https:\/\/uj.adatbank.ro\/lexikon\/wp-json\/wp\/v2\/product_brand?post=23553"},{"taxonomy":"product_cat","embeddable":true,"href":"https:\/\/uj.adatbank.ro\/lexikon\/wp-json\/wp\/v2\/product_cat?post=23553"},{"taxonomy":"product_tag","embeddable":true,"href":"https:\/\/uj.adatbank.ro\/lexikon\/wp-json\/wp\/v2\/product_tag?post=23553"}],"curies":[{"name":"wp","href":"https:\/\/api.w.org\/{rel}","templated":true}]}}