{"id":23557,"date":"2025-08-01T17:32:24","date_gmt":"2025-08-01T15:32:24","guid":{"rendered":"https:\/\/uj.adatbank.ro\/lexikon\/termek\/toth-jeno-szabados\/"},"modified":"2025-08-01T17:32:24","modified_gmt":"2025-08-01T15:32:24","slug":"toth-jeno-szabados","status":"publish","type":"product","link":"https:\/\/uj.adatbank.ro\/lexikon\/termek\/toth-jeno-szabados\/","title":{"rendered":"T\u00d3TH Jen\u0151; Szabados"},"content":{"rendered":"<p>Nagyb\u00e1nya, 1854, \u2020 Mv., 1900. m\u00e1j. 21.: sz\u00edn\u00e9sz, igazgat\u00f3. \u2013 Latab\u00e1r Endre t\u00e1rs.-\u00e1n\u00e1l kezdett (1853). Igazgat\u00e1ssal el\u0151sz\u00f6r Miskolcon (1870\u2013) pr\u00f3b\u00e1lkozott, majd el\u0151bb Szuper K\u00e1roly mellett volt t\u00e1rsig. Halas, Losonc, Z\u00f3lyom (1876\u2013), k\u00e9s\u0151bb \u00f6n\u00e1ll\u00f3sult. Sok neh\u00e9zs\u00e9ggel kellett megk\u00fczdenie, ez\u00e9rt t\u00f6bbsz\u00f6r a p\u00e1ly\u00e1t is elhagyta (1871-ben hivatalt v\u00e1llalt Bud\u00e1n); m\u0171kedvel\u0151ket vezetett Mv.-en (1880\u2013), mint sz\u00edn\u00e9sz m\u0171k\u00f6d\u00f6tt (1890-ig). Jellemsz\u00edn\u00e9sz, h\u0151s, szerelmes, opera- \u00e9s n\u00e9psz\u00ednm\u0171-\u00e9nekes szerepeket egyar\u00e1nt sikerrel adott. \u2013 <strong>F. sz.:<\/strong>: Duval (Dumas: Gauthier Margit); Flavigneul Henrik (Scribe: N\u0151i harc); Turgy Maxim (Feuillet: J\u00falia). <br \/><strong>\u2013 Irod.:<\/strong> MSZL.<\/br><\/p>\n","protected":false},"excerpt":{"rendered":"<p>Nagyb\u00e1nya, 1854, \u2020 Mv., 1900. m\u00e1j. 21.: sz\u00edn\u00e9sz, igazgat\u00f3. \u2013 Latab\u00e1r Endre t\u00e1rs.-\u00e1n\u00e1l kezdett (1853). Igazgat\u00e1ssal el\u0151sz\u00f6r Miskolcon (1870\u2013) pr\u00f3b\u00e1lkozott, majd el\u0151bb Szuper K\u00e1roly mellett volt t\u00e1rsig. Halas, Losonc, Z\u00f3lyom (1876\u2013), k\u00e9s\u0151bb \u00f6n\u00e1ll\u00f3sult. Sok neh\u00e9zs\u00e9ggel kellett megk\u00fczdenie, ez\u00e9rt t\u00f6bbsz\u00f6r a p\u00e1ly\u00e1t is elhagyta (1871-ben hivatalt v\u00e1llalt Bud\u00e1n); m\u0171kedvel\u0151ket vezetett Mv.-en (1880\u2013), mint sz\u00edn\u00e9sz m\u0171k\u00f6d\u00f6tt (1890-ig). [&hellip;]<\/p>\n","protected":false},"featured_media":0,"comment_status":"open","ping_status":"closed","template":"","meta":[],"product_brand":[],"product_cat":[137],"product_tag":[],"class_list":{"0":"post-23557","1":"product","2":"type-product","3":"status-publish","5":"product_cat-maros-megyei-eletrajzi-lexikon","7":"first","8":"instock","9":"shipping-taxable","10":"product-type-simple"},"_links":{"self":[{"href":"https:\/\/uj.adatbank.ro\/lexikon\/wp-json\/wp\/v2\/product\/23557","targetHints":{"allow":["GET"]}}],"collection":[{"href":"https:\/\/uj.adatbank.ro\/lexikon\/wp-json\/wp\/v2\/product"}],"about":[{"href":"https:\/\/uj.adatbank.ro\/lexikon\/wp-json\/wp\/v2\/types\/product"}],"replies":[{"embeddable":true,"href":"https:\/\/uj.adatbank.ro\/lexikon\/wp-json\/wp\/v2\/comments?post=23557"}],"wp:attachment":[{"href":"https:\/\/uj.adatbank.ro\/lexikon\/wp-json\/wp\/v2\/media?parent=23557"}],"wp:term":[{"taxonomy":"product_brand","embeddable":true,"href":"https:\/\/uj.adatbank.ro\/lexikon\/wp-json\/wp\/v2\/product_brand?post=23557"},{"taxonomy":"product_cat","embeddable":true,"href":"https:\/\/uj.adatbank.ro\/lexikon\/wp-json\/wp\/v2\/product_cat?post=23557"},{"taxonomy":"product_tag","embeddable":true,"href":"https:\/\/uj.adatbank.ro\/lexikon\/wp-json\/wp\/v2\/product_tag?post=23557"}],"curies":[{"name":"wp","href":"https:\/\/api.w.org\/{rel}","templated":true}]}}