{"id":23558,"date":"2025-08-01T17:32:25","date_gmt":"2025-08-01T15:32:25","guid":{"rendered":"https:\/\/uj.adatbank.ro\/lexikon\/termek\/toth-jozsef\/"},"modified":"2025-08-01T17:32:25","modified_gmt":"2025-08-01T15:32:25","slug":"toth-jozsef","status":"publish","type":"product","link":"https:\/\/uj.adatbank.ro\/lexikon\/termek\/toth-jozsef\/","title":{"rendered":"TOTH J\u00f3zsef"},"content":{"rendered":"<p>? \u2020 ?: b\u00fatorgy\u00e1ros. \u2013 Az azonos nev\u0171 b\u00fatorgy\u00e1r tulajdonosa Mv.-en (Szabads\u00e1g u. 8. sz.), amelyet \u00e1llamos\u00edtottak (1948. j\u00fan.11.). 17 alkalmazottal szobab\u00fatorokat gy\u00e1rtottak. Az \u00fajonnan kinevezett munk\u00e1sigazgat\u00f3 Mih\u00e1lczi Andr\u00e1s lett. <br \/><strong>\u2013 Irod.:<\/strong> Bartos Zolt\u00e1n.<\/br><\/p>\n","protected":false},"excerpt":{"rendered":"<p>? \u2020 ?: b\u00fatorgy\u00e1ros. \u2013 Az azonos nev\u0171 b\u00fatorgy\u00e1r tulajdonosa Mv.-en (Szabads\u00e1g u. 8. sz.), amelyet \u00e1llamos\u00edtottak (1948. j\u00fan.11.). 17 alkalmazottal szobab\u00fatorokat gy\u00e1rtottak. Az \u00fajonnan kinevezett munk\u00e1sigazgat\u00f3 Mih\u00e1lczi Andr\u00e1s lett. \u2013 Irod.: Bartos Zolt\u00e1n.<\/p>\n","protected":false},"featured_media":0,"comment_status":"open","ping_status":"closed","template":"","meta":[],"product_brand":[],"product_cat":[137],"product_tag":[],"class_list":{"0":"post-23558","1":"product","2":"type-product","3":"status-publish","5":"product_cat-maros-megyei-eletrajzi-lexikon","7":"first","8":"instock","9":"shipping-taxable","10":"product-type-simple"},"_links":{"self":[{"href":"https:\/\/uj.adatbank.ro\/lexikon\/wp-json\/wp\/v2\/product\/23558","targetHints":{"allow":["GET"]}}],"collection":[{"href":"https:\/\/uj.adatbank.ro\/lexikon\/wp-json\/wp\/v2\/product"}],"about":[{"href":"https:\/\/uj.adatbank.ro\/lexikon\/wp-json\/wp\/v2\/types\/product"}],"replies":[{"embeddable":true,"href":"https:\/\/uj.adatbank.ro\/lexikon\/wp-json\/wp\/v2\/comments?post=23558"}],"wp:attachment":[{"href":"https:\/\/uj.adatbank.ro\/lexikon\/wp-json\/wp\/v2\/media?parent=23558"}],"wp:term":[{"taxonomy":"product_brand","embeddable":true,"href":"https:\/\/uj.adatbank.ro\/lexikon\/wp-json\/wp\/v2\/product_brand?post=23558"},{"taxonomy":"product_cat","embeddable":true,"href":"https:\/\/uj.adatbank.ro\/lexikon\/wp-json\/wp\/v2\/product_cat?post=23558"},{"taxonomy":"product_tag","embeddable":true,"href":"https:\/\/uj.adatbank.ro\/lexikon\/wp-json\/wp\/v2\/product_tag?post=23558"}],"curies":[{"name":"wp","href":"https:\/\/api.w.org\/{rel}","templated":true}]}}