{"id":23559,"date":"2025-08-01T17:32:28","date_gmt":"2025-08-01T15:32:28","guid":{"rendered":"https:\/\/uj.adatbank.ro\/lexikon\/termek\/toth-jozsef-2\/"},"modified":"2025-08-01T17:32:28","modified_gmt":"2025-08-01T15:32:28","slug":"toth-jozsef-2","status":"publish","type":"product","link":"https:\/\/uj.adatbank.ro\/lexikon\/termek\/toth-jozsef-2\/","title":{"rendered":"T\u00d3TH J\u00f3zsef"},"content":{"rendered":"<p>? \u2020 ?: szerzetes. \u2013 A Sz\u0171z M\u00e1ria tisztelet\u00e9re szentelt marosszentkir\u00e1lyi P\u00e1los kolostort \u0151 \u00e9p\u00edttette Bulg\u00e1r L\u00e1szl\u00f3val egy\u00fctt (1350). <br \/><strong>\u2013 Irod.:<\/strong> Kr\u00f3n. F\u00fcz. (1936. 16\u201317).<\/br><\/p>\n","protected":false},"excerpt":{"rendered":"<p>? \u2020 ?: szerzetes. \u2013 A Sz\u0171z M\u00e1ria tisztelet\u00e9re szentelt marosszentkir\u00e1lyi P\u00e1los kolostort \u0151 \u00e9p\u00edttette Bulg\u00e1r L\u00e1szl\u00f3val egy\u00fctt (1350). \u2013 Irod.: Kr\u00f3n. F\u00fcz. (1936. 16\u201317).<\/p>\n","protected":false},"featured_media":0,"comment_status":"open","ping_status":"closed","template":"","meta":[],"product_brand":[],"product_cat":[137],"product_tag":[],"class_list":{"0":"post-23559","1":"product","2":"type-product","3":"status-publish","5":"product_cat-maros-megyei-eletrajzi-lexikon","7":"first","8":"instock","9":"shipping-taxable","10":"product-type-simple"},"_links":{"self":[{"href":"https:\/\/uj.adatbank.ro\/lexikon\/wp-json\/wp\/v2\/product\/23559","targetHints":{"allow":["GET"]}}],"collection":[{"href":"https:\/\/uj.adatbank.ro\/lexikon\/wp-json\/wp\/v2\/product"}],"about":[{"href":"https:\/\/uj.adatbank.ro\/lexikon\/wp-json\/wp\/v2\/types\/product"}],"replies":[{"embeddable":true,"href":"https:\/\/uj.adatbank.ro\/lexikon\/wp-json\/wp\/v2\/comments?post=23559"}],"wp:attachment":[{"href":"https:\/\/uj.adatbank.ro\/lexikon\/wp-json\/wp\/v2\/media?parent=23559"}],"wp:term":[{"taxonomy":"product_brand","embeddable":true,"href":"https:\/\/uj.adatbank.ro\/lexikon\/wp-json\/wp\/v2\/product_brand?post=23559"},{"taxonomy":"product_cat","embeddable":true,"href":"https:\/\/uj.adatbank.ro\/lexikon\/wp-json\/wp\/v2\/product_cat?post=23559"},{"taxonomy":"product_tag","embeddable":true,"href":"https:\/\/uj.adatbank.ro\/lexikon\/wp-json\/wp\/v2\/product_tag?post=23559"}],"curies":[{"name":"wp","href":"https:\/\/api.w.org\/{rel}","templated":true}]}}