{"id":23562,"date":"2025-08-01T17:32:36","date_gmt":"2025-08-01T15:32:36","guid":{"rendered":"https:\/\/uj.adatbank.ro\/lexikon\/termek\/toth-kalman\/"},"modified":"2025-08-01T17:32:36","modified_gmt":"2025-08-01T15:32:36","slug":"toth-kalman","status":"publish","type":"product","link":"https:\/\/uj.adatbank.ro\/lexikon\/termek\/toth-kalman\/","title":{"rendered":"T\u00d3TH K\u00e1lm\u00e1n"},"content":{"rendered":"<p>Beszterceb\u00e1nya, 1877. j\u00fal. 8., \u2020 Teke, 1958. nov. 30.: r. k. pap. \u2013 Eperjesen, Beszterc\u00e9n, Gyulafeh\u00e9rv\u00e1ron tanult \u00e9s itt szentelt\u00e9k papp\u00e1 (1899. nov. 9.). K\u00e1pl\u00e1n Torj\u00e1n, hitoktat\u00f3 Nagyszebenben (1900). Lelkip\u00e1sztor D\u00e9sakn\u00e1n (1904), Marosludason (1909), Sz\u00e1szr\u00e9genben volt pl\u00e9b\u00e1nos (1916\u201328). Cs\u00edkszered\u00e1ban \u00e9s Br\u00e1don pl\u00e9b\u00e1nos (1933\u2013). <br \/><strong>\u2013 Irod.:<\/strong> Ferenczi S\u00e1ndor 2009; Maros-k\u00fck\u00fcll\u0151i f\u0151esp.<\/br><\/p>\n","protected":false},"excerpt":{"rendered":"<p>Beszterceb\u00e1nya, 1877. j\u00fal. 8., \u2020 Teke, 1958. nov. 30.: r. k. pap. \u2013 Eperjesen, Beszterc\u00e9n, Gyulafeh\u00e9rv\u00e1ron tanult \u00e9s itt szentelt\u00e9k papp\u00e1 (1899. nov. 9.). K\u00e1pl\u00e1n Torj\u00e1n, hitoktat\u00f3 Nagyszebenben (1900). Lelkip\u00e1sztor D\u00e9sakn\u00e1n (1904), Marosludason (1909), Sz\u00e1szr\u00e9genben volt pl\u00e9b\u00e1nos (1916\u201328). Cs\u00edkszered\u00e1ban \u00e9s Br\u00e1don pl\u00e9b\u00e1nos (1933\u2013). \u2013 Irod.: Ferenczi S\u00e1ndor 2009; Maros-k\u00fck\u00fcll\u0151i f\u0151esp.<\/p>\n","protected":false},"featured_media":0,"comment_status":"open","ping_status":"closed","template":"","meta":[],"product_brand":[],"product_cat":[137],"product_tag":[],"class_list":{"0":"post-23562","1":"product","2":"type-product","3":"status-publish","5":"product_cat-maros-megyei-eletrajzi-lexikon","7":"first","8":"instock","9":"shipping-taxable","10":"product-type-simple"},"_links":{"self":[{"href":"https:\/\/uj.adatbank.ro\/lexikon\/wp-json\/wp\/v2\/product\/23562","targetHints":{"allow":["GET"]}}],"collection":[{"href":"https:\/\/uj.adatbank.ro\/lexikon\/wp-json\/wp\/v2\/product"}],"about":[{"href":"https:\/\/uj.adatbank.ro\/lexikon\/wp-json\/wp\/v2\/types\/product"}],"replies":[{"embeddable":true,"href":"https:\/\/uj.adatbank.ro\/lexikon\/wp-json\/wp\/v2\/comments?post=23562"}],"wp:attachment":[{"href":"https:\/\/uj.adatbank.ro\/lexikon\/wp-json\/wp\/v2\/media?parent=23562"}],"wp:term":[{"taxonomy":"product_brand","embeddable":true,"href":"https:\/\/uj.adatbank.ro\/lexikon\/wp-json\/wp\/v2\/product_brand?post=23562"},{"taxonomy":"product_cat","embeddable":true,"href":"https:\/\/uj.adatbank.ro\/lexikon\/wp-json\/wp\/v2\/product_cat?post=23562"},{"taxonomy":"product_tag","embeddable":true,"href":"https:\/\/uj.adatbank.ro\/lexikon\/wp-json\/wp\/v2\/product_tag?post=23562"}],"curies":[{"name":"wp","href":"https:\/\/api.w.org\/{rel}","templated":true}]}}