{"id":23564,"date":"2025-08-01T17:32:40","date_gmt":"2025-08-01T15:32:40","guid":{"rendered":"https:\/\/uj.adatbank.ro\/lexikon\/termek\/toth-karoly\/"},"modified":"2025-08-01T17:32:40","modified_gmt":"2025-08-01T15:32:40","slug":"toth-karoly","status":"publish","type":"product","link":"https:\/\/uj.adatbank.ro\/lexikon\/termek\/toth-karoly\/","title":{"rendered":"T\u00d3TH K\u00e1roly"},"content":{"rendered":"<p>? \u2020 ?: tan\u00edt\u00f3. \u2013 Ny\u00e1r\u00e1dszentl\u00e1szl\u00f3n tan\u00edtott nyugd\u00edjaz\u00e1s\u00e1ig (1894. m\u00e1j. 6.\u201313). <br \/><strong>\u2013 Irod.:<\/strong> Ny\u00e1r\u00e1dszentl\u00e1szl\u00f3.<\/br><\/p>\n","protected":false},"excerpt":{"rendered":"<p>? \u2020 ?: tan\u00edt\u00f3. \u2013 Ny\u00e1r\u00e1dszentl\u00e1szl\u00f3n tan\u00edtott nyugd\u00edjaz\u00e1s\u00e1ig (1894. m\u00e1j. 6.\u201313). \u2013 Irod.: Ny\u00e1r\u00e1dszentl\u00e1szl\u00f3.<\/p>\n","protected":false},"featured_media":0,"comment_status":"open","ping_status":"closed","template":"","meta":[],"product_brand":[],"product_cat":[137],"product_tag":[],"class_list":{"0":"post-23564","1":"product","2":"type-product","3":"status-publish","5":"product_cat-maros-megyei-eletrajzi-lexikon","7":"first","8":"instock","9":"shipping-taxable","10":"product-type-simple"},"_links":{"self":[{"href":"https:\/\/uj.adatbank.ro\/lexikon\/wp-json\/wp\/v2\/product\/23564","targetHints":{"allow":["GET"]}}],"collection":[{"href":"https:\/\/uj.adatbank.ro\/lexikon\/wp-json\/wp\/v2\/product"}],"about":[{"href":"https:\/\/uj.adatbank.ro\/lexikon\/wp-json\/wp\/v2\/types\/product"}],"replies":[{"embeddable":true,"href":"https:\/\/uj.adatbank.ro\/lexikon\/wp-json\/wp\/v2\/comments?post=23564"}],"wp:attachment":[{"href":"https:\/\/uj.adatbank.ro\/lexikon\/wp-json\/wp\/v2\/media?parent=23564"}],"wp:term":[{"taxonomy":"product_brand","embeddable":true,"href":"https:\/\/uj.adatbank.ro\/lexikon\/wp-json\/wp\/v2\/product_brand?post=23564"},{"taxonomy":"product_cat","embeddable":true,"href":"https:\/\/uj.adatbank.ro\/lexikon\/wp-json\/wp\/v2\/product_cat?post=23564"},{"taxonomy":"product_tag","embeddable":true,"href":"https:\/\/uj.adatbank.ro\/lexikon\/wp-json\/wp\/v2\/product_tag?post=23564"}],"curies":[{"name":"wp","href":"https:\/\/api.w.org\/{rel}","templated":true}]}}