{"id":23567,"date":"2025-08-01T17:32:47","date_gmt":"2025-08-01T15:32:47","guid":{"rendered":"https:\/\/uj.adatbank.ro\/lexikon\/termek\/toth-lajos-rabahidvegi\/"},"modified":"2025-08-01T17:32:47","modified_gmt":"2025-08-01T15:32:47","slug":"toth-lajos-rabahidvegi","status":"publish","type":"product","link":"https:\/\/uj.adatbank.ro\/lexikon\/termek\/toth-lajos-rabahidvegi\/","title":{"rendered":"TOTH Lajos, r\u00e1bahidv\u00e9gi"},"content":{"rendered":"<p>? \u2020 ?: tisztvisel\u0151 Sz\u00e1szr\u00e9genben. \u2013 \u2013Sportszerepl\u00e9s\u00e9t a labdar\u00fag\u00f3, \u00fasz\u00f3, m\u0171ugr\u00f3, atl\u00e9tikai \u00e9s c\u00e9ll\u00f6v\u0151 sportokban kezdte gimnazista kor\u00e1ban. R\u00f6vid sportp\u00e1lyafut\u00e1sa alatt t\u00f6bb KISOK bajnoks\u00e1gon \u00e9rt el I. \u00e9s III. helyez\u00e9st. <br \/><strong>\u2013 Irod.:<\/strong> Pluh\u00e1r.<\/br><\/p>\n","protected":false},"excerpt":{"rendered":"<p>? \u2020 ?: tisztvisel\u0151 Sz\u00e1szr\u00e9genben. \u2013 \u2013Sportszerepl\u00e9s\u00e9t a labdar\u00fag\u00f3, \u00fasz\u00f3, m\u0171ugr\u00f3, atl\u00e9tikai \u00e9s c\u00e9ll\u00f6v\u0151 sportokban kezdte gimnazista kor\u00e1ban. R\u00f6vid sportp\u00e1lyafut\u00e1sa alatt t\u00f6bb KISOK bajnoks\u00e1gon \u00e9rt el I. \u00e9s III. helyez\u00e9st. \u2013 Irod.: Pluh\u00e1r.<\/p>\n","protected":false},"featured_media":0,"comment_status":"open","ping_status":"closed","template":"","meta":[],"product_brand":[],"product_cat":[137],"product_tag":[],"class_list":{"0":"post-23567","1":"product","2":"type-product","3":"status-publish","5":"product_cat-maros-megyei-eletrajzi-lexikon","7":"first","8":"instock","9":"shipping-taxable","10":"product-type-simple"},"_links":{"self":[{"href":"https:\/\/uj.adatbank.ro\/lexikon\/wp-json\/wp\/v2\/product\/23567","targetHints":{"allow":["GET"]}}],"collection":[{"href":"https:\/\/uj.adatbank.ro\/lexikon\/wp-json\/wp\/v2\/product"}],"about":[{"href":"https:\/\/uj.adatbank.ro\/lexikon\/wp-json\/wp\/v2\/types\/product"}],"replies":[{"embeddable":true,"href":"https:\/\/uj.adatbank.ro\/lexikon\/wp-json\/wp\/v2\/comments?post=23567"}],"wp:attachment":[{"href":"https:\/\/uj.adatbank.ro\/lexikon\/wp-json\/wp\/v2\/media?parent=23567"}],"wp:term":[{"taxonomy":"product_brand","embeddable":true,"href":"https:\/\/uj.adatbank.ro\/lexikon\/wp-json\/wp\/v2\/product_brand?post=23567"},{"taxonomy":"product_cat","embeddable":true,"href":"https:\/\/uj.adatbank.ro\/lexikon\/wp-json\/wp\/v2\/product_cat?post=23567"},{"taxonomy":"product_tag","embeddable":true,"href":"https:\/\/uj.adatbank.ro\/lexikon\/wp-json\/wp\/v2\/product_tag?post=23567"}],"curies":[{"name":"wp","href":"https:\/\/api.w.org\/{rel}","templated":true}]}}